{"id":879,"date":"2020-03-09T17:56:33","date_gmt":"2020-03-09T15:56:33","guid":{"rendered":"https:\/\/cenpas.cat\/pagina-exemple\/"},"modified":"2023-02-02T22:17:26","modified_gmt":"2023-02-02T20:17:26","slug":"pagina-exemple","status":"publish","type":"page","link":"https:\/\/cenpas.cat\/en\/","title":{"rendered":"Home"},"content":{"rendered":"<p>[et_pb_section fb_built=&#8221;1&#8243; fullwidth=&#8221;on&#8221; _builder_version=&#8221;4.9.2&#8243;][et_pb_fullwidth_slider show_arrows=&#8221;off&#8221; module_class=&#8221;slide_full_width&#8221; _builder_version=&#8221;4.9.2&#8243; header_font=&#8221;|600||on|||||&#8221; header_text_align=&#8221;right&#8221; header_font_size=&#8221;66px&#8221; height=&#8221;100vh&#8221; hover_enabled=&#8221;0&#8243; header_font_size_tablet=&#8221;&#8221; header_font_size_phone=&#8221;35px&#8221; header_font_size_last_edited=&#8221;on|phone&#8221; custom_css_slide_controllers=&#8221;||  &#8221; sticky_enabled=&#8221;0&#8243;][et_pb_slide heading=&#8221;Specialists in efficient and sustainable solutions&#8221; _builder_version=&#8221;4.8.1&#8243; background_enable_color=&#8221;off&#8221; use_background_color_gradient=&#8221;on&#8221; background_color_gradient_start=&#8221;rgba(0,0,0,0)&#8221; background_color_gradient_end=&#8221;rgba(0,0,0,0.62)&#8221; background_color_gradient_type=&#8221;radial&#8221; background_color_gradient_overlays_image=&#8221;on&#8221; background_image=&#8221;https:\/\/cenpas.cat\/wp-content\/uploads\/2021\/02\/especialistes_solucions_eficients.jpg&#8221; background_enable_image=&#8221;on&#8221; custom_padding=&#8221;|40px||40px|false|false&#8221; header_font_size_tablet=&#8221;&#8221; header_font_size_phone=&#8221;35px&#8221; header_font_size_last_edited=&#8221;on|phone&#8221; sticky_transition=&#8221;on&#8221;][\/et_pb_slide][et_pb_slide heading=&#8221;Your project is our project&#8221; _builder_version=&#8221;4.8.1&#8243; background_enable_color=&#8221;off&#8221; use_background_color_gradient=&#8221;on&#8221; background_color_gradient_start=&#8221;rgba(0,0,0,0)&#8221; background_color_gradient_end=&#8221;rgba(0,0,0,0.62)&#8221; background_color_gradient_type=&#8221;radial&#8221; background_color_gradient_overlays_image=&#8221;on&#8221; background_image=&#8221;https:\/\/cenpas.cat\/wp-content\/uploads\/2021\/02\/projecte_teu_nostre.jpg&#8221; background_enable_image=&#8221;on&#8221; custom_padding=&#8221;|40px||40px|false|true&#8221; sticky_transition=&#8221;on&#8221;][\/et_pb_slide][et_pb_slide heading=&#8221;Foresight as a factor for success&#8221; _builder_version=&#8221;4.8.1&#8243; background_enable_color=&#8221;off&#8221; use_background_color_gradient=&#8221;on&#8221; background_color_gradient_start=&#8221;rgba(0,0,0,0)&#8221; background_color_gradient_end=&#8221;rgba(0,0,0,0.62)&#8221; background_color_gradient_type=&#8221;radial&#8221; background_color_gradient_overlays_image=&#8221;on&#8221; background_image=&#8221;https:\/\/cenpas.cat\/wp-content\/uploads\/2021\/02\/anticipacio.jpg&#8221; background_enable_image=&#8221;on&#8221; custom_padding=&#8221;|40px||40px|false|true&#8221; sticky_transition=&#8221;on&#8221;][\/et_pb_slide][et_pb_slide heading=&#8221;Over 12 years of experience in food engineering&#8221; _builder_version=&#8221;4.8.1&#8243; background_enable_color=&#8221;off&#8221; use_background_color_gradient=&#8221;on&#8221; background_color_gradient_start=&#8221;rgba(0,0,0,0)&#8221; background_color_gradient_end=&#8221;rgba(0,0,0,0.62)&#8221; background_color_gradient_type=&#8221;radial&#8221; background_color_gradient_overlays_image=&#8221;on&#8221; background_image=&#8221;https:\/\/cenpas.cat\/wp-content\/uploads\/2021\/02\/12_anys_experiencia.jpg&#8221; background_enable_image=&#8221;on&#8221; custom_padding=&#8221;|40px||40px|false|true&#8221; sticky_transition=&#8221;on&#8221;][\/et_pb_slide][et_pb_slide heading=&#8221;Stable and long-lasting relationships with our clients&#8221; _builder_version=&#8221;4.9.2&#8243; background_enable_color=&#8221;off&#8221; use_background_color_gradient=&#8221;on&#8221; background_color_gradient_start=&#8221;rgba(0,0,0,0)&#8221; background_color_gradient_end=&#8221;rgba(0,0,0,0.62)&#8221; background_color_gradient_type=&#8221;radial&#8221; background_color_gradient_overlays_image=&#8221;on&#8221; background_image=&#8221;https:\/\/cenpas.cat\/wp-content\/uploads\/2023\/02\/relacio_client-1024&#215;683-febrer2023.jpg&#8221; background_enable_image=&#8221;on&#8221; custom_padding=&#8221;|40px||40px|false|true&#8221; hover_enabled=&#8221;0&#8243; sticky_transition=&#8221;on&#8221; title_text=&#8221;relacio_client-1024&#215;683-febrer2023&#8243; sticky_enabled=&#8221;0&#8243;][\/et_pb_slide][\/et_pb_fullwidth_slider][\/et_pb_section][et_pb_section fb_built=&#8221;1&#8243; fullwidth=&#8221;on&#8221; disabled_on=&#8221;off|off|on&#8221; _builder_version=&#8221;4.8.1&#8243;][et_pb_fullwidth_header title=&#8221;About us&#8221; logo_image_url=&#8221;https:\/\/cenpas.cat\/wp-content\/uploads\/2021\/01\/qui_som-1.svg&#8221; _builder_version=&#8221;4.8.1&#8243; _dynamic_attributes=&#8221;link_option_url&#8221; title_level=&#8221;h2&#8243; background_enable_color=&#8221;off&#8221; use_background_color_gradient=&#8221;on&#8221; background_color_gradient_start=&#8221;rgba(0,0,0,0.14)&#8221; background_color_gradient_end=&#8221;rgba(0,0,0,0.7)&#8221; background_color_gradient_type=&#8221;radial&#8221; background_color_gradient_overlays_image=&#8221;on&#8221; background_image=&#8221;https:\/\/cenpas.cat\/wp-content\/uploads\/2021\/03\/nosaltres_mobil.jpg&#8221; custom_padding=&#8221;300px||||false|false&#8221; custom_padding_tablet=&#8221;&#8221; custom_padding_phone=&#8221;150px||||false|false&#8221; custom_padding_last_edited=&#8221;on|phone&#8221; link_option_url=&#8221;@ET-DC@eyJkeW5hbWljIjp0cnVlLCJjb250ZW50IjoicG9zdF9saW5rX3VybF9wYWdlIiwic2V0dGluZ3MiOnsicG9zdF9pZCI6IjgwMyJ9fQ==@&#8221;][\/et_pb_fullwidth_header][\/et_pb_section][et_pb_section fb_built=&#8221;1&#8243; fullwidth=&#8221;on&#8221; disabled_on=&#8221;off|off|on&#8221; _builder_version=&#8221;4.8.1&#8243;][et_pb_fullwidth_header title=&#8221;Project engineering&#8221; logo_image_url=&#8221;https:\/\/cenpas.cat\/wp-content\/uploads\/2021\/01\/enginyeria_de_projectes.svg&#8221; _builder_version=&#8221;4.8.1&#8243; _dynamic_attributes=&#8221;link_option_url&#8221; title_level=&#8221;h2&#8243; background_enable_color=&#8221;off&#8221; use_background_color_gradient=&#8221;on&#8221; background_color_gradient_start=&#8221;rgba(0,0,0,0.14)&#8221; background_color_gradient_end=&#8221;rgba(0,0,0,0.7)&#8221; background_color_gradient_type=&#8221;radial&#8221; background_color_gradient_overlays_image=&#8221;on&#8221; background_image=&#8221;https:\/\/cenpas.cat\/wp-content\/uploads\/2021\/03\/enginyeria-de-projectes_mobil.jpg&#8221; custom_padding=&#8221;300px||||false|false&#8221; custom_padding_tablet=&#8221;&#8221; custom_padding_phone=&#8221;150px||||false|false&#8221; custom_padding_last_edited=&#8221;on|phone&#8221; link_option_url=&#8221;@ET-DC@eyJkeW5hbWljIjp0cnVlLCJjb250ZW50IjoicG9zdF9saW5rX3VybF9wYWdlIiwic2V0dGluZ3MiOnsicG9zdF9pZCI6IjgxNyJ9fQ==@&#8221;][\/et_pb_fullwidth_header][\/et_pb_section][et_pb_section fb_built=&#8221;1&#8243; fullwidth=&#8221;on&#8221; disabled_on=&#8221;off|off|on&#8221; _builder_version=&#8221;4.8.1&#8243;][et_pb_fullwidth_header title=&#8221;Industry 4.0&#8243; logo_image_url=&#8221;https:\/\/cenpas.cat\/wp-content\/uploads\/2021\/02\/industria40.svg&#8221; _builder_version=&#8221;4.8.1&#8243; _dynamic_attributes=&#8221;link_option_url&#8221; title_level=&#8221;h2&#8243; background_enable_color=&#8221;off&#8221; use_background_color_gradient=&#8221;on&#8221; background_color_gradient_start=&#8221;rgba(0,0,0,0.14)&#8221; background_color_gradient_end=&#8221;rgba(0,0,0,0.7)&#8221; background_color_gradient_type=&#8221;radial&#8221; background_color_gradient_overlays_image=&#8221;on&#8221; background_image=&#8221;https:\/\/cenpas.cat\/wp-content\/uploads\/2021\/03\/industria_4_0_molbil.jpg&#8221; custom_padding=&#8221;300px||||false|false&#8221; custom_padding_tablet=&#8221;&#8221; custom_padding_phone=&#8221;150px||||false|false&#8221; custom_padding_last_edited=&#8221;on|phone&#8221; link_option_url=&#8221;@ET-DC@eyJkeW5hbWljIjp0cnVlLCJjb250ZW50IjoicG9zdF9saW5rX3VybF9wYWdlIiwic2V0dGluZ3MiOnsicG9zdF9pZCI6IjgyMyJ9fQ==@&#8221;][\/et_pb_fullwidth_header][\/et_pb_section][et_pb_section fb_built=&#8221;1&#8243; fullwidth=&#8221;on&#8221; disabled_on=&#8221;off|off|on&#8221; _builder_version=&#8221;4.8.1&#8243;][et_pb_fullwidth_header title=&#8221;Construction and renovations&#8221; logo_image_url=&#8221;https:\/\/cenpas.cat\/wp-content\/uploads\/2021\/02\/construccio_reforma.svg&#8221; _builder_version=&#8221;4.8.1&#8243; _dynamic_attributes=&#8221;link_option_url&#8221; title_level=&#8221;h2&#8243; background_enable_color=&#8221;off&#8221; use_background_color_gradient=&#8221;on&#8221; background_color_gradient_start=&#8221;rgba(0,0,0,0.14)&#8221; background_color_gradient_end=&#8221;rgba(0,0,0,0.7)&#8221; background_color_gradient_type=&#8221;radial&#8221; background_color_gradient_overlays_image=&#8221;on&#8221; background_image=&#8221;https:\/\/cenpas.cat\/wp-content\/uploads\/2021\/03\/construccio-reforma_mobil.jpg&#8221; custom_padding=&#8221;300px||||false|false&#8221; custom_padding_tablet=&#8221;&#8221; custom_padding_phone=&#8221;150px||||false|false&#8221; custom_padding_last_edited=&#8221;on|phone&#8221; link_option_url=&#8221;@ET-DC@eyJkeW5hbWljIjp0cnVlLCJjb250ZW50IjoicG9zdF9saW5rX3VybF9wYWdlIiwic2V0dGluZ3MiOnsicG9zdF9pZCI6IjgzMCJ9fQ==@&#8221;][\/et_pb_fullwidth_header][\/et_pb_section][et_pb_section fb_built=&#8221;1&#8243; fullwidth=&#8221;on&#8221; disabled_on=&#8221;off|off|on&#8221; _builder_version=&#8221;4.8.1&#8243;][et_pb_fullwidth_header title=&#8221;Grant management&#8221; logo_image_url=&#8221;https:\/\/cenpas.cat\/wp-content\/uploads\/2021\/02\/gestio_subvencions.svg&#8221; _builder_version=&#8221;4.9.2&#8243; _dynamic_attributes=&#8221;link_option_url&#8221; title_level=&#8221;h2&#8243; background_enable_color=&#8221;off&#8221; use_background_color_gradient=&#8221;on&#8221; background_color_gradient_start=&#8221;rgba(0,0,0,0.14)&#8221; background_color_gradient_end=&#8221;rgba(0,0,0,0.7)&#8221; background_color_gradient_type=&#8221;radial&#8221; background_color_gradient_overlays_image=&#8221;on&#8221; background_image=&#8221;https:\/\/cenpas.cat\/wp-content\/uploads\/2021\/03\/gestio-subvencions_mobil-1.jpg&#8221; custom_padding=&#8221;300px||||false|false&#8221; custom_padding_tablet=&#8221;&#8221; custom_padding_phone=&#8221;150px||||false|false&#8221; custom_padding_last_edited=&#8221;on|phone&#8221; link_option_url=&#8221;@ET-DC@eyJkeW5hbWljIjp0cnVlLCJjb250ZW50IjoicG9zdF9saW5rX3VybF9wYWdlIiwic2V0dGluZ3MiOnsicG9zdF9pZCI6IjgzNyJ9fQ==@&#8221;][\/et_pb_fullwidth_header][\/et_pb_section][et_pb_section fb_built=&#8221;1&#8243; fullwidth=&#8221;on&#8221; disabled_on=&#8221;off|off|on&#8221; _builder_version=&#8221;4.8.1&#8243;][et_pb_fullwidth_header title=&#8221;What we have done&#8221; logo_image_url=&#8221;https:\/\/cenpas.cat\/wp-content\/uploads\/2021\/02\/que_hem_fet.svg&#8221; _builder_version=&#8221;4.8.1&#8243; _dynamic_attributes=&#8221;link_option_url&#8221; title_level=&#8221;h2&#8243; background_enable_color=&#8221;off&#8221; use_background_color_gradient=&#8221;on&#8221; background_color_gradient_start=&#8221;rgba(0,0,0,0.14)&#8221; background_color_gradient_end=&#8221;rgba(0,0,0,0.7)&#8221; background_color_gradient_type=&#8221;radial&#8221; background_color_gradient_overlays_image=&#8221;on&#8221; background_image=&#8221;https:\/\/cenpas.cat\/wp-content\/uploads\/2021\/03\/que-hem-fet_mobil.jpg&#8221; custom_padding=&#8221;300px||||false|false&#8221; custom_padding_tablet=&#8221;&#8221; custom_padding_phone=&#8221;150px||||false|false&#8221; custom_padding_last_edited=&#8221;on|phone&#8221; link_option_url=&#8221;@ET-DC@eyJkeW5hbWljIjp0cnVlLCJjb250ZW50IjoicG9zdF9saW5rX3VybF9wYWdlIiwic2V0dGluZ3MiOnsicG9zdF9pZCI6Ijg0NCJ9fQ==@&#8221;][\/et_pb_fullwidth_header][\/et_pb_section][et_pb_section fb_built=&#8221;1&#8243; fullwidth=&#8221;on&#8221; disabled_on=&#8221;off|off|on&#8221; _builder_version=&#8221;4.8.1&#8243;][et_pb_fullwidth_header title=&#8221;About you&#8221; logo_image_url=&#8221;https:\/\/cenpas.cat\/wp-content\/uploads\/2021\/02\/clients.svg&#8221; _builder_version=&#8221;4.8.1&#8243; _dynamic_attributes=&#8221;link_option_url&#8221; title_level=&#8221;h2&#8243; background_enable_color=&#8221;off&#8221; use_background_color_gradient=&#8221;on&#8221; background_color_gradient_start=&#8221;rgba(0,0,0,0.14)&#8221; background_color_gradient_end=&#8221;rgba(0,0,0,0.7)&#8221; background_color_gradient_type=&#8221;radial&#8221; background_color_gradient_overlays_image=&#8221;on&#8221; background_image=&#8221;https:\/\/cenpas.cat\/wp-content\/uploads\/2021\/03\/vosaltres_mobil.jpg&#8221; custom_padding=&#8221;300px||||false|false&#8221; custom_padding_tablet=&#8221;&#8221; custom_padding_phone=&#8221;150px||||false|false&#8221; custom_padding_last_edited=&#8221;on|phone&#8221; link_option_url=&#8221;@ET-DC@eyJkeW5hbWljIjp0cnVlLCJjb250ZW50IjoicG9zdF9saW5rX3VybF9wYWdlIiwic2V0dGluZ3MiOnsicG9zdF9pZCI6Ijg1NCJ9fQ==@&#8221;][\/et_pb_fullwidth_header][\/et_pb_section][et_pb_section fb_built=&#8221;1&#8243; fullwidth=&#8221;on&#8221; disabled_on=&#8221;off|off|on&#8221; _builder_version=&#8221;4.8.1&#8243;][et_pb_fullwidth_header title=&#8221;Contact&#8221; logo_image_url=&#8221;https:\/\/cenpas.cat\/wp-content\/uploads\/2021\/03\/contacte.svg&#8221; _builder_version=&#8221;4.8.1&#8243; _dynamic_attributes=&#8221;link_option_url&#8221; title_level=&#8221;h2&#8243; background_enable_color=&#8221;off&#8221; use_background_color_gradient=&#8221;on&#8221; background_color_gradient_start=&#8221;rgba(0,0,0,0.14)&#8221; background_color_gradient_end=&#8221;rgba(0,0,0,0.7)&#8221; background_color_gradient_type=&#8221;radial&#8221; background_color_gradient_overlays_image=&#8221;on&#8221; background_image=&#8221;https:\/\/cenpas.cat\/wp-content\/uploads\/2021\/03\/contacte_mobil.jpg&#8221; custom_padding=&#8221;300px||||false|false&#8221; custom_padding_tablet=&#8221;&#8221; custom_padding_phone=&#8221;150px||||false|false&#8221; custom_padding_last_edited=&#8221;on|phone&#8221; link_option_url=&#8221;@ET-DC@eyJkeW5hbWljIjp0cnVlLCJjb250ZW50IjoicG9zdF9saW5rX3VybF9wYWdlIiwic2V0dGluZ3MiOnsicG9zdF9pZCI6Ijg3NSJ9fQ==@&#8221;][\/et_pb_fullwidth_header][\/et_pb_section]<\/p>\n","protected":false},"excerpt":{"rendered":"<p>[et_pb_section fb_built=&#8221;1&#8243; fullwidth=&#8221;on&#8221; _builder_version=&#8221;4.9.2&#8243;][et_pb_fullwidth_slider show_arrows=&#8221;off&#8221; module_class=&#8221;slide_full_width&#8221; _builder_version=&#8221;4.9.2&#8243; header_font=&#8221;|600||on|||||&#8221; header_text_align=&#8221;right&#8221; header_font_size=&#8221;66px&#8221; height=&#8221;100vh&#8221; hover_enabled=&#8221;0&#8243; header_font_size_tablet=&#8221;&#8221; header_font_size_phone=&#8221;35px&#8221; header_font_size_last_edited=&#8221;on|phone&#8221; custom_css_slide_controllers=&#8221;|| &#8221; sticky_enabled=&#8221;0&#8243;][et_pb_slide heading=&#8221;Specialists in efficient and sustainable solutions&#8221; _builder_version=&#8221;4.8.1&#8243; background_enable_color=&#8221;off&#8221; use_background_color_gradient=&#8221;on&#8221; background_color_gradient_start=&#8221;rgba(0,0,0,0)&#8221; background_color_gradient_end=&#8221;rgba(0,0,0,0.62)&#8221; background_color_gradient_type=&#8221;radial&#8221; background_color_gradient_overlays_image=&#8221;on&#8221; background_image=&#8221;https:\/\/cenpas.cat\/wp-content\/uploads\/2021\/02\/especialistes_solucions_eficients.jpg&#8221; background_enable_image=&#8221;on&#8221; custom_padding=&#8221;|40px||40px|false|false&#8221; header_font_size_tablet=&#8221;&#8221; header_font_size_phone=&#8221;35px&#8221; header_font_size_last_edited=&#8221;on|phone&#8221; sticky_transition=&#8221;on&#8221;][\/et_pb_slide][et_pb_slide heading=&#8221;Your project is our project&#8221; _builder_version=&#8221;4.8.1&#8243; background_enable_color=&#8221;off&#8221; use_background_color_gradient=&#8221;on&#8221; background_color_gradient_start=&#8221;rgba(0,0,0,0)&#8221; background_color_gradient_end=&#8221;rgba(0,0,0,0.62)&#8221; background_color_gradient_type=&#8221;radial&#8221; background_color_gradient_overlays_image=&#8221;on&#8221; background_image=&#8221;https:\/\/cenpas.cat\/wp-content\/uploads\/2021\/02\/projecte_teu_nostre.jpg&#8221; background_enable_image=&#8221;on&#8221; custom_padding=&#8221;|40px||40px|false|true&#8221; sticky_transition=&#8221;on&#8221;][\/et_pb_slide][et_pb_slide heading=&#8221;Foresight [&hellip;]<\/p>\n","protected":false},"author":1,"featured_media":0,"parent":0,"menu_order":0,"comment_status":"closed","ping_status":"open","template":"","meta":{"_et_pb_use_builder":"on","_et_pb_old_content":"<!-- wp:paragraph -->\r\n<p>Aquest \u00e9s una p\u00e0gina d'exemple. \u00c9s diferent d'una entrada del blog perqu\u00e8 es mantindr\u00e0 en un lloc i apareixer\u00e0 a la navegaci\u00f3 del lloc (a la majoria de temes). Molta gent comen\u00e7a amb la p\u00e0gina \u00abQuant a\u00bb, que els presenta als potencials visitants del lloc web. Podria dir alguna cosa aix\u00ed:<\/p>\r\n<!-- \/wp:paragraph --><!-- wp:quote -->\r\n<blockquote class=\"wp-block-quote\">\r\n<p>Hola! S\u00f3c un missatger amb bicicleta de dia, aspirant a actor de nit i aquesta \u00e9s la meva web. Visc a Los Angeles, tinc un gran gos de nom Pep i m'agrada la pinya colada. (I em pillar\u00e0 la pluja.)<\/p>\r\n<\/blockquote>\r\n<!-- \/wp:quote --><!-- wp:paragraph -->\r\n<p>... o alguna cosa aix\u00ed:<\/p>\r\n<!-- \/wp:paragraph --><!-- wp:quote -->\r\n<blockquote class=\"wp-block-quote\">\r\n<p>La companyia Aparells XYZ es va crear el 1971, i ha estat proporcionant aparells de qualitat al p\u00fablic des de llavors. Ubicada a Gotham City, XYZ d\u00f3na treball a m\u00e9s de 2.000 persones i fa tota mena d'accions meravelloses per a la comunitat de Gotham.<\/p>\r\n<\/blockquote>\r\n<!-- \/wp:quote --><!-- wp:paragraph -->\r\n<p>Com a usuari nou del WordPress, haur\u00edeu d'anar al <a href=\"https:\/\/cenpas.cat\/wp-admin\/\">tauler<\/a> per suprimir aquesta p\u00e0gina i crear p\u00e0gines noves de contingut. Divertiu-vos!<\/p>\r\n<!-- \/wp:paragraph -->","_et_gb_content_width":""},"yoast_head":"<!-- This site is optimized with the Yoast SEO plugin v17.5 - https:\/\/yoast.com\/wordpress\/plugins\/seo\/ -->\n<title>Home - Cenpas<\/title>\n<meta name=\"description\" content=\"With over 12 years of experience in food engineering, CENPAS offers sustainable, efficient solutions where foresight is a factor for success.\" \/>\n<meta name=\"robots\" content=\"index, follow, max-snippet:-1, max-image-preview:large, max-video-preview:-1\" \/>\n<link rel=\"canonical\" href=\"https:\/\/cenpas.cat\/en\/\" \/>\n<meta property=\"og:locale\" content=\"en_US\" \/>\n<meta property=\"og:type\" content=\"article\" \/>\n<meta property=\"og:title\" content=\"Home - Cenpas\" \/>\n<meta property=\"og:description\" content=\"With over 12 years of experience in food engineering, CENPAS offers sustainable, efficient solutions where foresight is a factor for success.\" \/>\n<meta property=\"og:url\" content=\"https:\/\/cenpas.cat\/en\/\" \/>\n<meta property=\"og:site_name\" content=\"Cenpas\" \/>\n<meta property=\"article:modified_time\" content=\"2023-02-02T20:17:26+00:00\" \/>\n<meta name=\"twitter:card\" content=\"summary_large_image\" \/>\n<meta name=\"twitter:label1\" content=\"Est. reading time\" \/>\n\t<meta name=\"twitter:data1\" content=\"7 minutes\" \/>\n<script type=\"application\/ld+json\" class=\"yoast-schema-graph\">{\"@context\":\"https:\/\/schema.org\",\"@graph\":[{\"@type\":\"Organization\",\"@id\":\"https:\/\/cenpas.cat\/#organization\",\"name\":\"Cenpas\",\"url\":\"https:\/\/cenpas.cat\/\",\"sameAs\":[\"https:\/\/www.instagram.com\/cenpasslp\/\",\"https:\/\/www.linkedin.com\/company\/cenpa-enginyeria-i-arquitectura\"],\"logo\":{\"@type\":\"ImageObject\",\"@id\":\"https:\/\/cenpas.cat\/#logo\",\"inLanguage\":\"en-US\",\"url\":\"https:\/\/cenpas.cat\/wp-content\/uploads\/2021\/03\/cenpas_logo_n.png\",\"contentUrl\":\"https:\/\/cenpas.cat\/wp-content\/uploads\/2021\/03\/cenpas_logo_n.png\",\"width\":818,\"height\":267,\"caption\":\"Cenpas\"},\"image\":{\"@id\":\"https:\/\/cenpas.cat\/#logo\"}},{\"@type\":\"WebSite\",\"@id\":\"https:\/\/cenpas.cat\/#website\",\"url\":\"https:\/\/cenpas.cat\/\",\"name\":\"Cenpas\",\"description\":\"Enginyeria\\u2029per a la \\u2029ind\\u00fastria \\u2029aliment\\u00e0ria\",\"publisher\":{\"@id\":\"https:\/\/cenpas.cat\/#organization\"},\"potentialAction\":[{\"@type\":\"SearchAction\",\"target\":{\"@type\":\"EntryPoint\",\"urlTemplate\":\"https:\/\/cenpas.cat\/?s={search_term_string}\"},\"query-input\":\"required name=search_term_string\"}],\"inLanguage\":\"en-US\"},{\"@type\":\"WebPage\",\"@id\":\"https:\/\/cenpas.cat\/en\/#webpage\",\"url\":\"https:\/\/cenpas.cat\/en\/\",\"name\":\"Home - Cenpas\",\"isPartOf\":{\"@id\":\"https:\/\/cenpas.cat\/#website\"},\"datePublished\":\"2020-03-09T15:56:33+00:00\",\"dateModified\":\"2023-02-02T20:17:26+00:00\",\"description\":\"With over 12 years of experience in food engineering, CENPAS offers sustainable, efficient solutions where foresight is a factor for success.\",\"breadcrumb\":{\"@id\":\"https:\/\/cenpas.cat\/en\/#breadcrumb\"},\"inLanguage\":\"en-US\",\"potentialAction\":[{\"@type\":\"ReadAction\",\"target\":[\"https:\/\/cenpas.cat\/en\/\"]}]},{\"@type\":\"BreadcrumbList\",\"@id\":\"https:\/\/cenpas.cat\/en\/#breadcrumb\",\"itemListElement\":[{\"@type\":\"ListItem\",\"position\":1,\"name\":\"Inici\",\"item\":\"https:\/\/cenpas.cat\/en\/\"},{\"@type\":\"ListItem\",\"position\":2,\"name\":\"Home\"}]}]}<\/script>\n<!-- \/ Yoast SEO plugin. -->","yoast_head_json":{"title":"Home - Cenpas","description":"With over 12 years of experience in food engineering, CENPAS offers sustainable, efficient solutions where foresight is a factor for success.","robots":{"index":"index","follow":"follow","max-snippet":"max-snippet:-1","max-image-preview":"max-image-preview:large","max-video-preview":"max-video-preview:-1"},"canonical":"https:\/\/cenpas.cat\/en\/","og_locale":"en_US","og_type":"article","og_title":"Home - Cenpas","og_description":"With over 12 years of experience in food engineering, CENPAS offers sustainable, efficient solutions where foresight is a factor for success.","og_url":"https:\/\/cenpas.cat\/en\/","og_site_name":"Cenpas","article_modified_time":"2023-02-02T20:17:26+00:00","twitter_card":"summary_large_image","twitter_misc":{"Est. reading time":"7 minutes"},"schema":{"@context":"https:\/\/schema.org","@graph":[{"@type":"Organization","@id":"https:\/\/cenpas.cat\/#organization","name":"Cenpas","url":"https:\/\/cenpas.cat\/","sameAs":["https:\/\/www.instagram.com\/cenpasslp\/","https:\/\/www.linkedin.com\/company\/cenpa-enginyeria-i-arquitectura"],"logo":{"@type":"ImageObject","@id":"https:\/\/cenpas.cat\/#logo","inLanguage":"en-US","url":"https:\/\/cenpas.cat\/wp-content\/uploads\/2021\/03\/cenpas_logo_n.png","contentUrl":"https:\/\/cenpas.cat\/wp-content\/uploads\/2021\/03\/cenpas_logo_n.png","width":818,"height":267,"caption":"Cenpas"},"image":{"@id":"https:\/\/cenpas.cat\/#logo"}},{"@type":"WebSite","@id":"https:\/\/cenpas.cat\/#website","url":"https:\/\/cenpas.cat\/","name":"Cenpas","description":"Enginyeria\u2029per a la \u2029ind\u00fastria \u2029aliment\u00e0ria","publisher":{"@id":"https:\/\/cenpas.cat\/#organization"},"potentialAction":[{"@type":"SearchAction","target":{"@type":"EntryPoint","urlTemplate":"https:\/\/cenpas.cat\/?s={search_term_string}"},"query-input":"required name=search_term_string"}],"inLanguage":"en-US"},{"@type":"WebPage","@id":"https:\/\/cenpas.cat\/en\/#webpage","url":"https:\/\/cenpas.cat\/en\/","name":"Home - Cenpas","isPartOf":{"@id":"https:\/\/cenpas.cat\/#website"},"datePublished":"2020-03-09T15:56:33+00:00","dateModified":"2023-02-02T20:17:26+00:00","description":"With over 12 years of experience in food engineering, CENPAS offers sustainable, efficient solutions where foresight is a factor for success.","breadcrumb":{"@id":"https:\/\/cenpas.cat\/en\/#breadcrumb"},"inLanguage":"en-US","potentialAction":[{"@type":"ReadAction","target":["https:\/\/cenpas.cat\/en\/"]}]},{"@type":"BreadcrumbList","@id":"https:\/\/cenpas.cat\/en\/#breadcrumb","itemListElement":[{"@type":"ListItem","position":1,"name":"Inici","item":"https:\/\/cenpas.cat\/en\/"},{"@type":"ListItem","position":2,"name":"Home"}]}]}},"_links":{"self":[{"href":"https:\/\/cenpas.cat\/en\/wp-json\/wp\/v2\/pages\/879"}],"collection":[{"href":"https:\/\/cenpas.cat\/en\/wp-json\/wp\/v2\/pages"}],"about":[{"href":"https:\/\/cenpas.cat\/en\/wp-json\/wp\/v2\/types\/page"}],"author":[{"embeddable":true,"href":"https:\/\/cenpas.cat\/en\/wp-json\/wp\/v2\/users\/1"}],"replies":[{"embeddable":true,"href":"https:\/\/cenpas.cat\/en\/wp-json\/wp\/v2\/comments?post=879"}],"version-history":[{"count":9,"href":"https:\/\/cenpas.cat\/en\/wp-json\/wp\/v2\/pages\/879\/revisions"}],"predecessor-version":[{"id":1490,"href":"https:\/\/cenpas.cat\/en\/wp-json\/wp\/v2\/pages\/879\/revisions\/1490"}],"wp:attachment":[{"href":"https:\/\/cenpas.cat\/en\/wp-json\/wp\/v2\/media?parent=879"}],"curies":[{"name":"wp","href":"https:\/\/api.w.org\/{rel}","templated":true}]}}