{"id":747,"date":"2020-03-09T17:56:33","date_gmt":"2020-03-09T15:56:33","guid":{"rendered":"https:\/\/cenpas.cat\/pagina-exemple\/"},"modified":"2023-02-02T22:16:30","modified_gmt":"2023-02-02T20:16:30","slug":"pagina-exemple","status":"publish","type":"page","link":"https:\/\/cenpas.cat\/es\/","title":{"rendered":"Inicio"},"content":{"rendered":"<p>[et_pb_section fb_built=\u00bb1&#8243; fullwidth=\u00bbon\u00bb _builder_version=\u00bb4.9.2&#8243;][et_pb_fullwidth_slider show_arrows=\u00bboff\u00bb module_class=\u00bbslide_full_width\u00bb _builder_version=\u00bb4.9.2&#8243; header_font=\u00bb|600||on|||||\u00bb header_text_align=\u00bbright\u00bb header_font_size=\u00bb66px\u00bb height=\u00bb100vh\u00bb hover_enabled=\u00bb0&#8243; header_font_size_tablet=\u00bb\u00bb header_font_size_phone=\u00bb35px\u00bb header_font_size_last_edited=\u00bbon|phone\u00bb custom_css_slide_controllers=\u00bb||  \u00bb sticky_enabled=\u00bb0&#8243;][et_pb_slide heading=\u00bbEspecialistas en soluciones eficientes y sostenibles\u00bb _builder_version=\u00bb4.8.1&#8243; background_enable_color=\u00bboff\u00bb use_background_color_gradient=\u00bbon\u00bb background_color_gradient_start=\u00bbrgba(0,0,0,0)\u00bb background_color_gradient_end=\u00bbrgba(0,0,0,0.62)\u00bb background_color_gradient_type=\u00bbradial\u00bb background_color_gradient_overlays_image=\u00bbon\u00bb background_image=\u00bbhttps:\/\/cenpas.cat\/wp-content\/uploads\/2021\/02\/especialistes_solucions_eficients.jpg\u00bb background_enable_image=\u00bbon\u00bb custom_padding=\u00bb|40px||40px|false|false\u00bb sticky_transition=\u00bbon\u00bb][\/et_pb_slide][et_pb_slide heading=\u00bbTu proyecto es el nuestro\u00bb _builder_version=\u00bb4.8.1&#8243; background_enable_color=\u00bboff\u00bb use_background_color_gradient=\u00bbon\u00bb background_color_gradient_start=\u00bbrgba(0,0,0,0)\u00bb background_color_gradient_end=\u00bbrgba(0,0,0,0.62)\u00bb background_color_gradient_type=\u00bbradial\u00bb background_color_gradient_overlays_image=\u00bbon\u00bb background_image=\u00bbhttps:\/\/cenpas.cat\/wp-content\/uploads\/2021\/02\/projecte_teu_nostre.jpg\u00bb background_enable_image=\u00bbon\u00bb custom_padding=\u00bb|40px||40px|false|true\u00bb sticky_transition=\u00bbon\u00bb][\/et_pb_slide][et_pb_slide heading=\u00bbLa anticipaci\u00f3n como factor de \u00e9xito\u00bb _builder_version=\u00bb4.8.1&#8243; background_enable_color=\u00bboff\u00bb use_background_color_gradient=\u00bbon\u00bb background_color_gradient_start=\u00bbrgba(0,0,0,0)\u00bb background_color_gradient_end=\u00bbrgba(0,0,0,0.62)\u00bb background_color_gradient_type=\u00bbradial\u00bb background_color_gradient_overlays_image=\u00bbon\u00bb background_image=\u00bbhttps:\/\/cenpas.cat\/wp-content\/uploads\/2021\/02\/anticipacio.jpg\u00bb background_enable_image=\u00bbon\u00bb custom_padding=\u00bb|40px||40px|false|true\u00bb sticky_transition=\u00bbon\u00bb][\/et_pb_slide][et_pb_slide heading=\u00bbM\u00e1s de 12 a\u00f1os de experiencia en ingenier\u00eda alimentaria\u00bb _builder_version=\u00bb4.8.1&#8243; background_enable_color=\u00bboff\u00bb use_background_color_gradient=\u00bbon\u00bb background_color_gradient_start=\u00bbrgba(0,0,0,0)\u00bb background_color_gradient_end=\u00bbrgba(0,0,0,0.62)\u00bb background_color_gradient_type=\u00bbradial\u00bb background_color_gradient_overlays_image=\u00bbon\u00bb background_image=\u00bbhttps:\/\/cenpas.cat\/wp-content\/uploads\/2021\/02\/12_anys_experiencia.jpg\u00bb background_enable_image=\u00bbon\u00bb custom_padding=\u00bb|40px||40px|false|true\u00bb sticky_transition=\u00bbon\u00bb][\/et_pb_slide][et_pb_slide heading=\u00bbLa relaci\u00f3n con nuestros clientes, estable y duradera\u00bb _builder_version=\u00bb4.9.2&#8243; background_enable_color=\u00bboff\u00bb use_background_color_gradient=\u00bbon\u00bb background_color_gradient_start=\u00bbrgba(0,0,0,0)\u00bb background_color_gradient_end=\u00bbrgba(0,0,0,0.62)\u00bb background_color_gradient_type=\u00bbradial\u00bb background_color_gradient_overlays_image=\u00bbon\u00bb background_image=\u00bbhttps:\/\/cenpas.cat\/wp-content\/uploads\/2023\/02\/relacio_client-1024&#215;683-febrer2023.jpg\u00bb background_enable_image=\u00bbon\u00bb custom_padding=\u00bb|40px||40px|false|true\u00bb hover_enabled=\u00bb0&#8243; sticky_transition=\u00bbon\u00bb title_text=\u00bbrelacio_client-1024&#215;683-febrer2023&#8243; sticky_enabled=\u00bb0&#8243;][\/et_pb_slide][\/et_pb_fullwidth_slider][\/et_pb_section][et_pb_section fb_built=\u00bb1&#8243; fullwidth=\u00bbon\u00bb disabled_on=\u00bboff|off|on\u00bb _builder_version=\u00bb4.8.1&#8243;][et_pb_fullwidth_header title=\u00bbNosotros\u00bb logo_image_url=\u00bbhttps:\/\/cenpas.cat\/wp-content\/uploads\/2021\/01\/qui_som-1.svg\u00bb _builder_version=\u00bb4.8.1&#8243; _dynamic_attributes=\u00bblink_option_url\u00bb title_level=\u00bbh2&#8243; background_enable_color=\u00bboff\u00bb use_background_color_gradient=\u00bbon\u00bb background_color_gradient_start=\u00bbrgba(0,0,0,0.14)\u00bb background_color_gradient_end=\u00bbrgba(0,0,0,0.7)\u00bb background_color_gradient_type=\u00bbradial\u00bb background_color_gradient_overlays_image=\u00bbon\u00bb background_image=\u00bbhttps:\/\/cenpas.cat\/wp-content\/uploads\/2021\/03\/nosaltres_mobil.jpg\u00bb custom_padding=\u00bb300px||||false|false\u00bb custom_padding_tablet=\u00bb\u00bb custom_padding_phone=\u00bb150px||||false|false\u00bb custom_padding_last_edited=\u00bbon|phone\u00bb link_option_url=\u00bb@ET-DC@eyJkeW5hbWljIjp0cnVlLCJjb250ZW50IjoicG9zdF9saW5rX3VybF9wYWdlIiwic2V0dGluZ3MiOnsicG9zdF9pZCI6Ijc1MiJ9fQ==@\u00bb][\/et_pb_fullwidth_header][\/et_pb_section][et_pb_section fb_built=\u00bb1&#8243; fullwidth=\u00bbon\u00bb disabled_on=\u00bboff|off|on\u00bb _builder_version=\u00bb4.8.1&#8243;][et_pb_fullwidth_header title=\u00bbIngenier\u00eda de proyectos\u00bb logo_image_url=\u00bbhttps:\/\/cenpas.cat\/wp-content\/uploads\/2021\/01\/enginyeria_de_projectes.svg\u00bb _builder_version=\u00bb4.8.1&#8243; _dynamic_attributes=\u00bblink_option_url\u00bb title_level=\u00bbh2&#8243; background_enable_color=\u00bboff\u00bb use_background_color_gradient=\u00bbon\u00bb background_color_gradient_start=\u00bbrgba(0,0,0,0.14)\u00bb background_color_gradient_end=\u00bbrgba(0,0,0,0.7)\u00bb background_color_gradient_type=\u00bbradial\u00bb background_color_gradient_overlays_image=\u00bbon\u00bb background_image=\u00bbhttps:\/\/cenpas.cat\/wp-content\/uploads\/2021\/03\/enginyeria-de-projectes_mobil.jpg\u00bb custom_padding=\u00bb300px||||false|false\u00bb custom_padding_tablet=\u00bb\u00bb custom_padding_phone=\u00bb150px||||false|false\u00bb custom_padding_last_edited=\u00bbon|phone\u00bb link_option_url=\u00bb@ET-DC@eyJkeW5hbWljIjp0cnVlLCJjb250ZW50IjoicG9zdF9saW5rX3VybF9wYWdlIiwic2V0dGluZ3MiOnsicG9zdF9pZCI6Ijc1NyJ9fQ==@\u00bb][\/et_pb_fullwidth_header][\/et_pb_section][et_pb_section fb_built=\u00bb1&#8243; fullwidth=\u00bbon\u00bb disabled_on=\u00bboff|off|on\u00bb _builder_version=\u00bb4.8.1&#8243;][et_pb_fullwidth_header title=\u00bbInd\u00fastria 4.0&#8243; logo_image_url=\u00bbhttps:\/\/cenpas.cat\/wp-content\/uploads\/2021\/02\/industria40.svg\u00bb _builder_version=\u00bb4.8.1&#8243; _dynamic_attributes=\u00bblink_option_url\u00bb title_level=\u00bbh2&#8243; background_enable_color=\u00bboff\u00bb use_background_color_gradient=\u00bbon\u00bb background_color_gradient_start=\u00bbrgba(0,0,0,0.14)\u00bb background_color_gradient_end=\u00bbrgba(0,0,0,0.7)\u00bb background_color_gradient_type=\u00bbradial\u00bb background_color_gradient_overlays_image=\u00bbon\u00bb background_image=\u00bbhttps:\/\/cenpas.cat\/wp-content\/uploads\/2021\/03\/industria_4_0_molbil.jpg\u00bb custom_padding=\u00bb300px||||false|false\u00bb custom_padding_tablet=\u00bb\u00bb custom_padding_phone=\u00bb150px||||false|false\u00bb custom_padding_last_edited=\u00bbon|phone\u00bb link_option_url=\u00bb@ET-DC@eyJkeW5hbWljIjp0cnVlLCJjb250ZW50IjoicG9zdF9saW5rX3VybF9wYWdlIiwic2V0dGluZ3MiOnsicG9zdF9pZCI6Ijc4OCJ9fQ==@\u00bb][\/et_pb_fullwidth_header][\/et_pb_section][et_pb_section fb_built=\u00bb1&#8243; fullwidth=\u00bbon\u00bb disabled_on=\u00bboff|off|on\u00bb _builder_version=\u00bb4.8.1&#8243;][et_pb_fullwidth_header title=\u00bbConstrucci\u00f3n y reforma\u00bb logo_image_url=\u00bbhttps:\/\/cenpas.cat\/wp-content\/uploads\/2021\/02\/construccio_reforma.svg\u00bb _builder_version=\u00bb4.8.1&#8243; _dynamic_attributes=\u00bblink_option_url\u00bb title_level=\u00bbh2&#8243; background_enable_color=\u00bboff\u00bb use_background_color_gradient=\u00bbon\u00bb background_color_gradient_start=\u00bbrgba(0,0,0,0.14)\u00bb background_color_gradient_end=\u00bbrgba(0,0,0,0.7)\u00bb background_color_gradient_type=\u00bbradial\u00bb background_color_gradient_overlays_image=\u00bbon\u00bb background_image=\u00bbhttps:\/\/cenpas.cat\/wp-content\/uploads\/2021\/03\/construccio-reforma_mobil.jpg\u00bb custom_padding=\u00bb300px||||false|false\u00bb custom_padding_tablet=\u00bb\u00bb custom_padding_phone=\u00bb150px||||false|false\u00bb custom_padding_last_edited=\u00bbon|phone\u00bb link_option_url=\u00bb@ET-DC@eyJkeW5hbWljIjp0cnVlLCJjb250ZW50IjoicG9zdF9saW5rX3VybF9wYWdlIiwic2V0dGluZ3MiOnsicG9zdF9pZCI6Ijc2NiJ9fQ==@\u00bb][\/et_pb_fullwidth_header][\/et_pb_section][et_pb_section fb_built=\u00bb1&#8243; fullwidth=\u00bbon\u00bb disabled_on=\u00bboff|off|on\u00bb _builder_version=\u00bb4.8.1&#8243;][et_pb_fullwidth_header title=\u00bbGesti\u00f3n de subvenciones\u00bb logo_image_url=\u00bbhttps:\/\/cenpas.cat\/wp-content\/uploads\/2021\/02\/gestio_subvencions.svg\u00bb _builder_version=\u00bb4.9.2&#8243; _dynamic_attributes=\u00bblink_option_url\u00bb title_level=\u00bbh2&#8243; background_enable_color=\u00bboff\u00bb use_background_color_gradient=\u00bbon\u00bb background_color_gradient_start=\u00bbrgba(0,0,0,0.14)\u00bb background_color_gradient_end=\u00bbrgba(0,0,0,0.7)\u00bb background_color_gradient_type=\u00bbradial\u00bb background_color_gradient_overlays_image=\u00bbon\u00bb background_image=\u00bbhttps:\/\/cenpas.cat\/wp-content\/uploads\/2021\/03\/gestio-subvencions_mobil-1.jpg\u00bb custom_padding=\u00bb300px||||false|false\u00bb custom_padding_tablet=\u00bb\u00bb custom_padding_phone=\u00bb150px||||false|false\u00bb custom_padding_last_edited=\u00bbon|phone\u00bb link_option_url=\u00bb@ET-DC@eyJkeW5hbWljIjp0cnVlLCJjb250ZW50IjoicG9zdF9saW5rX3VybF9wYWdlIiwic2V0dGluZ3MiOnsicG9zdF9pZCI6Ijc3MSJ9fQ==@\u00bb][\/et_pb_fullwidth_header][\/et_pb_section][et_pb_section fb_built=\u00bb1&#8243; fullwidth=\u00bbon\u00bb disabled_on=\u00bboff|off|on\u00bb _builder_version=\u00bb4.8.1&#8243;][et_pb_fullwidth_header title=\u00bbQu\u00e9 hemos hecho\u00bb logo_image_url=\u00bbhttps:\/\/cenpas.cat\/wp-content\/uploads\/2021\/02\/que_hem_fet.svg\u00bb _builder_version=\u00bb4.8.1&#8243; _dynamic_attributes=\u00bblink_option_url\u00bb title_level=\u00bbh2&#8243; background_enable_color=\u00bboff\u00bb use_background_color_gradient=\u00bbon\u00bb background_color_gradient_start=\u00bbrgba(0,0,0,0.14)\u00bb background_color_gradient_end=\u00bbrgba(0,0,0,0.7)\u00bb background_color_gradient_type=\u00bbradial\u00bb background_color_gradient_overlays_image=\u00bbon\u00bb background_image=\u00bbhttps:\/\/cenpas.cat\/wp-content\/uploads\/2021\/03\/que-hem-fet_mobil.jpg\u00bb custom_padding=\u00bb300px||||false|false\u00bb custom_padding_tablet=\u00bb\u00bb custom_padding_phone=\u00bb150px||||false|false\u00bb custom_padding_last_edited=\u00bbon|phone\u00bb link_option_url=\u00bb@ET-DC@eyJkeW5hbWljIjp0cnVlLCJjb250ZW50IjoicG9zdF9saW5rX3VybF9wYWdlIiwic2V0dGluZ3MiOnsicG9zdF9pZCI6Ijc3NyJ9fQ==@\u00bb][\/et_pb_fullwidth_header][\/et_pb_section][et_pb_section fb_built=\u00bb1&#8243; fullwidth=\u00bbon\u00bb disabled_on=\u00bboff|off|on\u00bb _builder_version=\u00bb4.8.1&#8243;][et_pb_fullwidth_header title=\u00bbVosotros\u00bb logo_image_url=\u00bbhttps:\/\/cenpas.cat\/wp-content\/uploads\/2021\/02\/clients.svg\u00bb _builder_version=\u00bb4.8.1&#8243; _dynamic_attributes=\u00bblink_option_url\u00bb title_level=\u00bbh2&#8243; background_enable_color=\u00bboff\u00bb use_background_color_gradient=\u00bbon\u00bb background_color_gradient_start=\u00bbrgba(0,0,0,0.14)\u00bb background_color_gradient_end=\u00bbrgba(0,0,0,0.7)\u00bb background_color_gradient_type=\u00bbradial\u00bb background_color_gradient_overlays_image=\u00bbon\u00bb background_image=\u00bbhttps:\/\/cenpas.cat\/wp-content\/uploads\/2021\/03\/vosaltres_mobil.jpg\u00bb custom_padding=\u00bb300px||||false|false\u00bb custom_padding_tablet=\u00bb\u00bb custom_padding_phone=\u00bb150px||||false|false\u00bb custom_padding_last_edited=\u00bbon|phone\u00bb link_option_url=\u00bb@ET-DC@eyJkeW5hbWljIjp0cnVlLCJjb250ZW50IjoicG9zdF9saW5rX3VybF9wYWdlIiwic2V0dGluZ3MiOnsicG9zdF9pZCI6Ijc4MiJ9fQ==@\u00bb][\/et_pb_fullwidth_header][\/et_pb_section][et_pb_section fb_built=\u00bb1&#8243; fullwidth=\u00bbon\u00bb disabled_on=\u00bboff|off|on\u00bb _builder_version=\u00bb4.8.1&#8243;][et_pb_fullwidth_header title=\u00bbContacto\u00bb logo_image_url=\u00bbhttps:\/\/cenpas.cat\/wp-content\/uploads\/2021\/03\/contacte.svg\u00bb _builder_version=\u00bb4.8.1&#8243; _dynamic_attributes=\u00bblink_option_url\u00bb title_level=\u00bbh2&#8243; background_enable_color=\u00bboff\u00bb use_background_color_gradient=\u00bbon\u00bb background_color_gradient_start=\u00bbrgba(0,0,0,0.14)\u00bb background_color_gradient_end=\u00bbrgba(0,0,0,0.7)\u00bb background_color_gradient_type=\u00bbradial\u00bb background_color_gradient_overlays_image=\u00bbon\u00bb background_image=\u00bbhttps:\/\/cenpas.cat\/wp-content\/uploads\/2021\/03\/contacte_mobil.jpg\u00bb custom_padding=\u00bb300px||||false|false\u00bb custom_padding_tablet=\u00bb\u00bb custom_padding_phone=\u00bb150px||||false|false\u00bb custom_padding_last_edited=\u00bbon|phone\u00bb link_option_url=\u00bb@ET-DC@eyJkeW5hbWljIjp0cnVlLCJjb250ZW50IjoicG9zdF9saW5rX3VybF9wYWdlIiwic2V0dGluZ3MiOnsicG9zdF9pZCI6Ijc5MiJ9fQ==@\u00bb][\/et_pb_fullwidth_header][\/et_pb_section]<\/p>\n","protected":false},"excerpt":{"rendered":"<p>[et_pb_section fb_built=\u00bb1&#8243; fullwidth=\u00bbon\u00bb _builder_version=\u00bb4.9.2&#8243;][et_pb_fullwidth_slider show_arrows=\u00bboff\u00bb module_class=\u00bbslide_full_width\u00bb _builder_version=\u00bb4.9.2&#8243; header_font=\u00bb|600||on|||||\u00bb header_text_align=\u00bbright\u00bb header_font_size=\u00bb66px\u00bb height=\u00bb100vh\u00bb hover_enabled=\u00bb0&#8243; header_font_size_tablet=\u00bb\u00bb header_font_size_phone=\u00bb35px\u00bb header_font_size_last_edited=\u00bbon|phone\u00bb custom_css_slide_controllers=\u00bb|| \u00bb sticky_enabled=\u00bb0&#8243;][et_pb_slide heading=\u00bbEspecialistas en soluciones eficientes y sostenibles\u00bb _builder_version=\u00bb4.8.1&#8243; background_enable_color=\u00bboff\u00bb use_background_color_gradient=\u00bbon\u00bb background_color_gradient_start=\u00bbrgba(0,0,0,0)\u00bb background_color_gradient_end=\u00bbrgba(0,0,0,0.62)\u00bb background_color_gradient_type=\u00bbradial\u00bb background_color_gradient_overlays_image=\u00bbon\u00bb background_image=\u00bbhttps:\/\/cenpas.cat\/wp-content\/uploads\/2021\/02\/especialistes_solucions_eficients.jpg\u00bb background_enable_image=\u00bbon\u00bb custom_padding=\u00bb|40px||40px|false|false\u00bb sticky_transition=\u00bbon\u00bb][\/et_pb_slide][et_pb_slide heading=\u00bbTu proyecto es el nuestro\u00bb _builder_version=\u00bb4.8.1&#8243; background_enable_color=\u00bboff\u00bb use_background_color_gradient=\u00bbon\u00bb background_color_gradient_start=\u00bbrgba(0,0,0,0)\u00bb background_color_gradient_end=\u00bbrgba(0,0,0,0.62)\u00bb background_color_gradient_type=\u00bbradial\u00bb background_color_gradient_overlays_image=\u00bbon\u00bb background_image=\u00bbhttps:\/\/cenpas.cat\/wp-content\/uploads\/2021\/02\/projecte_teu_nostre.jpg\u00bb background_enable_image=\u00bbon\u00bb custom_padding=\u00bb|40px||40px|false|true\u00bb sticky_transition=\u00bbon\u00bb][\/et_pb_slide][et_pb_slide heading=\u00bbLa anticipaci\u00f3n como factor [&hellip;]<\/p>\n","protected":false},"author":1,"featured_media":0,"parent":0,"menu_order":0,"comment_status":"closed","ping_status":"open","template":"","meta":{"_et_pb_use_builder":"on","_et_pb_old_content":"<!-- wp:paragraph -->\r\n<p>Aquest \u00e9s una p\u00e0gina d'exemple. \u00c9s diferent d'una entrada del blog perqu\u00e8 es mantindr\u00e0 en un lloc i apareixer\u00e0 a la navegaci\u00f3 del lloc (a la majoria de temes). Molta gent comen\u00e7a amb la p\u00e0gina \u00abQuant a\u00bb, que els presenta als potencials visitants del lloc web. Podria dir alguna cosa aix\u00ed:<\/p>\r\n<!-- \/wp:paragraph --><!-- wp:quote -->\r\n<blockquote class=\"wp-block-quote\">\r\n<p>Hola! S\u00f3c un missatger amb bicicleta de dia, aspirant a actor de nit i aquesta \u00e9s la meva web. Visc a Los Angeles, tinc un gran gos de nom Pep i m'agrada la pinya colada. (I em pillar\u00e0 la pluja.)<\/p>\r\n<\/blockquote>\r\n<!-- \/wp:quote --><!-- wp:paragraph -->\r\n<p>... o alguna cosa aix\u00ed:<\/p>\r\n<!-- \/wp:paragraph --><!-- wp:quote -->\r\n<blockquote class=\"wp-block-quote\">\r\n<p>La companyia Aparells XYZ es va crear el 1971, i ha estat proporcionant aparells de qualitat al p\u00fablic des de llavors. Ubicada a Gotham City, XYZ d\u00f3na treball a m\u00e9s de 2.000 persones i fa tota mena d'accions meravelloses per a la comunitat de Gotham.<\/p>\r\n<\/blockquote>\r\n<!-- \/wp:quote --><!-- wp:paragraph -->\r\n<p>Com a usuari nou del WordPress, haur\u00edeu d'anar al <a href=\"https:\/\/cenpas.cat\/wp-admin\/\">tauler<\/a> per suprimir aquesta p\u00e0gina i crear p\u00e0gines noves de contingut. Divertiu-vos!<\/p>\r\n<!-- \/wp:paragraph -->","_et_gb_content_width":""},"yoast_head":"<!-- This site is optimized with the Yoast SEO plugin v17.5 - https:\/\/yoast.com\/wordpress\/plugins\/seo\/ -->\n<title>Inicio - Cenpas<\/title>\n<meta name=\"description\" content=\"CENPAS con m\u00e1s de 12 a\u00f1os de experiencia en ingenier\u00eda alimentaria ofrece soluciones eficientes y sostenibles con la anticipaci\u00f3n como factor de \u00e9xito.\" \/>\n<meta name=\"robots\" content=\"index, follow, max-snippet:-1, max-image-preview:large, max-video-preview:-1\" \/>\n<link rel=\"canonical\" href=\"https:\/\/cenpas.cat\/es\/\" \/>\n<meta property=\"og:locale\" content=\"es_ES\" \/>\n<meta property=\"og:type\" content=\"article\" \/>\n<meta property=\"og:title\" content=\"Inicio - Cenpas\" \/>\n<meta property=\"og:description\" content=\"CENPAS con m\u00e1s de 12 a\u00f1os de experiencia en ingenier\u00eda alimentaria ofrece soluciones eficientes y sostenibles con la anticipaci\u00f3n como factor de \u00e9xito.\" \/>\n<meta property=\"og:url\" content=\"https:\/\/cenpas.cat\/es\/\" \/>\n<meta property=\"og:site_name\" content=\"Cenpas\" \/>\n<meta property=\"article:modified_time\" content=\"2023-02-02T20:16:30+00:00\" \/>\n<meta name=\"twitter:card\" content=\"summary_large_image\" \/>\n<meta name=\"twitter:label1\" content=\"Tiempo de lectura\" \/>\n\t<meta name=\"twitter:data1\" content=\"7 minutos\" \/>\n<script type=\"application\/ld+json\" class=\"yoast-schema-graph\">{\"@context\":\"https:\/\/schema.org\",\"@graph\":[{\"@type\":\"Organization\",\"@id\":\"https:\/\/cenpas.cat\/#organization\",\"name\":\"Cenpas\",\"url\":\"https:\/\/cenpas.cat\/\",\"sameAs\":[\"https:\/\/www.instagram.com\/cenpasslp\/\",\"https:\/\/www.linkedin.com\/company\/cenpa-enginyeria-i-arquitectura\"],\"logo\":{\"@type\":\"ImageObject\",\"@id\":\"https:\/\/cenpas.cat\/#logo\",\"inLanguage\":\"es\",\"url\":\"https:\/\/cenpas.cat\/wp-content\/uploads\/2021\/03\/cenpas_logo_n.png\",\"contentUrl\":\"https:\/\/cenpas.cat\/wp-content\/uploads\/2021\/03\/cenpas_logo_n.png\",\"width\":818,\"height\":267,\"caption\":\"Cenpas\"},\"image\":{\"@id\":\"https:\/\/cenpas.cat\/#logo\"}},{\"@type\":\"WebSite\",\"@id\":\"https:\/\/cenpas.cat\/#website\",\"url\":\"https:\/\/cenpas.cat\/\",\"name\":\"Cenpas\",\"description\":\"Enginyeria\\u2029per a la \\u2029ind\\u00fastria \\u2029aliment\\u00e0ria\",\"publisher\":{\"@id\":\"https:\/\/cenpas.cat\/#organization\"},\"potentialAction\":[{\"@type\":\"SearchAction\",\"target\":{\"@type\":\"EntryPoint\",\"urlTemplate\":\"https:\/\/cenpas.cat\/?s={search_term_string}\"},\"query-input\":\"required name=search_term_string\"}],\"inLanguage\":\"es\"},{\"@type\":\"WebPage\",\"@id\":\"https:\/\/cenpas.cat\/es\/#webpage\",\"url\":\"https:\/\/cenpas.cat\/es\/\",\"name\":\"Inicio - Cenpas\",\"isPartOf\":{\"@id\":\"https:\/\/cenpas.cat\/#website\"},\"datePublished\":\"2020-03-09T15:56:33+00:00\",\"dateModified\":\"2023-02-02T20:16:30+00:00\",\"description\":\"CENPAS con m\\u00e1s de 12 a\\u00f1os de experiencia en ingenier\\u00eda alimentaria ofrece soluciones eficientes y sostenibles con la anticipaci\\u00f3n como factor de \\u00e9xito.\",\"breadcrumb\":{\"@id\":\"https:\/\/cenpas.cat\/es\/#breadcrumb\"},\"inLanguage\":\"es\",\"potentialAction\":[{\"@type\":\"ReadAction\",\"target\":[\"https:\/\/cenpas.cat\/es\/\"]}]},{\"@type\":\"BreadcrumbList\",\"@id\":\"https:\/\/cenpas.cat\/es\/#breadcrumb\",\"itemListElement\":[{\"@type\":\"ListItem\",\"position\":1,\"name\":\"Inici\",\"item\":\"https:\/\/cenpas.cat\/es\/\"},{\"@type\":\"ListItem\",\"position\":2,\"name\":\"Inicio\"}]}]}<\/script>\n<!-- \/ Yoast SEO plugin. -->","yoast_head_json":{"title":"Inicio - Cenpas","description":"CENPAS con m\u00e1s de 12 a\u00f1os de experiencia en ingenier\u00eda alimentaria ofrece soluciones eficientes y sostenibles con la anticipaci\u00f3n como factor de \u00e9xito.","robots":{"index":"index","follow":"follow","max-snippet":"max-snippet:-1","max-image-preview":"max-image-preview:large","max-video-preview":"max-video-preview:-1"},"canonical":"https:\/\/cenpas.cat\/es\/","og_locale":"es_ES","og_type":"article","og_title":"Inicio - Cenpas","og_description":"CENPAS con m\u00e1s de 12 a\u00f1os de experiencia en ingenier\u00eda alimentaria ofrece soluciones eficientes y sostenibles con la anticipaci\u00f3n como factor de \u00e9xito.","og_url":"https:\/\/cenpas.cat\/es\/","og_site_name":"Cenpas","article_modified_time":"2023-02-02T20:16:30+00:00","twitter_card":"summary_large_image","twitter_misc":{"Tiempo de lectura":"7 minutos"},"schema":{"@context":"https:\/\/schema.org","@graph":[{"@type":"Organization","@id":"https:\/\/cenpas.cat\/#organization","name":"Cenpas","url":"https:\/\/cenpas.cat\/","sameAs":["https:\/\/www.instagram.com\/cenpasslp\/","https:\/\/www.linkedin.com\/company\/cenpa-enginyeria-i-arquitectura"],"logo":{"@type":"ImageObject","@id":"https:\/\/cenpas.cat\/#logo","inLanguage":"es","url":"https:\/\/cenpas.cat\/wp-content\/uploads\/2021\/03\/cenpas_logo_n.png","contentUrl":"https:\/\/cenpas.cat\/wp-content\/uploads\/2021\/03\/cenpas_logo_n.png","width":818,"height":267,"caption":"Cenpas"},"image":{"@id":"https:\/\/cenpas.cat\/#logo"}},{"@type":"WebSite","@id":"https:\/\/cenpas.cat\/#website","url":"https:\/\/cenpas.cat\/","name":"Cenpas","description":"Enginyeria\u2029per a la \u2029ind\u00fastria \u2029aliment\u00e0ria","publisher":{"@id":"https:\/\/cenpas.cat\/#organization"},"potentialAction":[{"@type":"SearchAction","target":{"@type":"EntryPoint","urlTemplate":"https:\/\/cenpas.cat\/?s={search_term_string}"},"query-input":"required name=search_term_string"}],"inLanguage":"es"},{"@type":"WebPage","@id":"https:\/\/cenpas.cat\/es\/#webpage","url":"https:\/\/cenpas.cat\/es\/","name":"Inicio - Cenpas","isPartOf":{"@id":"https:\/\/cenpas.cat\/#website"},"datePublished":"2020-03-09T15:56:33+00:00","dateModified":"2023-02-02T20:16:30+00:00","description":"CENPAS con m\u00e1s de 12 a\u00f1os de experiencia en ingenier\u00eda alimentaria ofrece soluciones eficientes y sostenibles con la anticipaci\u00f3n como factor de \u00e9xito.","breadcrumb":{"@id":"https:\/\/cenpas.cat\/es\/#breadcrumb"},"inLanguage":"es","potentialAction":[{"@type":"ReadAction","target":["https:\/\/cenpas.cat\/es\/"]}]},{"@type":"BreadcrumbList","@id":"https:\/\/cenpas.cat\/es\/#breadcrumb","itemListElement":[{"@type":"ListItem","position":1,"name":"Inici","item":"https:\/\/cenpas.cat\/es\/"},{"@type":"ListItem","position":2,"name":"Inicio"}]}]}},"_links":{"self":[{"href":"https:\/\/cenpas.cat\/es\/wp-json\/wp\/v2\/pages\/747"}],"collection":[{"href":"https:\/\/cenpas.cat\/es\/wp-json\/wp\/v2\/pages"}],"about":[{"href":"https:\/\/cenpas.cat\/es\/wp-json\/wp\/v2\/types\/page"}],"author":[{"embeddable":true,"href":"https:\/\/cenpas.cat\/es\/wp-json\/wp\/v2\/users\/1"}],"replies":[{"embeddable":true,"href":"https:\/\/cenpas.cat\/es\/wp-json\/wp\/v2\/comments?post=747"}],"version-history":[{"count":10,"href":"https:\/\/cenpas.cat\/es\/wp-json\/wp\/v2\/pages\/747\/revisions"}],"predecessor-version":[{"id":1489,"href":"https:\/\/cenpas.cat\/es\/wp-json\/wp\/v2\/pages\/747\/revisions\/1489"}],"wp:attachment":[{"href":"https:\/\/cenpas.cat\/es\/wp-json\/wp\/v2\/media?parent=747"}],"curies":[{"name":"wp","href":"https:\/\/api.w.org\/{rel}","templated":true}]}}