{"id":752,"date":"2021-01-12T16:25:05","date_gmt":"2021-01-12T14:25:05","guid":{"rendered":"https:\/\/cenpas.cat\/nosaltres\/"},"modified":"2023-02-02T22:19:04","modified_gmt":"2023-02-02T20:19:04","slug":"nosotros","status":"publish","type":"page","link":"https:\/\/cenpas.cat\/es\/nosotros\/","title":{"rendered":"Nosotros"},"content":{"rendered":"<p>[et_pb_section fb_built=\u00bb1&#8243; fullwidth=\u00bbon\u00bb _builder_version=\u00bb4.9.2&#8243;][et_pb_fullwidth_header title=\u00bbNosotros\u00bb logo_image_url=\u00bbhttps:\/\/cenpas.cat\/wp-content\/uploads\/2021\/01\/qui_som-1.svg\u00bb _builder_version=\u00bb4.9.2&#8243; background_enable_color=\u00bboff\u00bb use_background_color_gradient=\u00bbon\u00bb background_color_gradient_start=\u00bbrgba(0,0,0,0.14)\u00bb background_color_gradient_end=\u00bbrgba(0,0,0,0.7)\u00bb background_color_gradient_type=\u00bbradial\u00bb background_color_gradient_overlays_image=\u00bbon\u00bb background_image=\u00bbhttps:\/\/cenpas.cat\/wp-content\/uploads\/2023\/02\/nosaltres-1024&#215;375-febrer2023.jpg\u00bb custom_padding=\u00bb300px||||false|false\u00bb custom_padding_tablet=\u00bb\u00bb custom_padding_phone=\u00bb150px||||false|false\u00bb custom_padding_last_edited=\u00bbon|phone\u00bb hover_enabled=\u00bb0&#8243; alt=\u00bbFoto del despatx\u00bb title_text=\u00bbnosaltres-1024&#215;375-febrer2023&#8243; sticky_enabled=\u00bb0&#8243;][\/et_pb_fullwidth_header][\/et_pb_section][et_pb_section fb_built=\u00bb1&#8243; _builder_version=\u00bb4.8.1&#8243; custom_margin=\u00bb||0px||false|false\u00bb custom_padding=\u00bb||0px||false|false\u00bb][et_pb_row column_structure=\u00bb1_2,1_2&#8243; make_equal=\u00bbon\u00bb _builder_version=\u00bb4.4.0&#8243; custom_padding=\u00bb||0px||false|false\u00bb][et_pb_column type=\u00bb1_2&#8243; _builder_version=\u00bb4.4.0&#8243; custom_padding=\u00bb||||false|false\u00bb][et_pb_text _builder_version=\u00bb4.8.1&#8243; custom_padding=\u00bb||80px||false|false\u00bb]<\/p>\n<p>Somos un equipo de especialistas de <strong>formaci\u00f3n multidisciplinaria<\/strong> con una experiencia de <strong>m\u00e1s de 12 a\u00f1os en el sector alimentario<\/strong>.<\/p>\n<p>Proactivos y din\u00e1micos, <strong>nos adaptamos a la variabilidad del mercado<\/strong> y nos avanzamos a los retos futuros. Por eso uno de nuestros grandes \u00e9xitos es la capacidad de <strong>prevenir cualquier imprevisto<\/strong>.<\/p>\n<p>La <strong>estabilidad<\/strong> de nuestro equipo, el <strong>trato cercano<\/strong> y la <strong>implicaci\u00f3n<\/strong> nos permiten crear fuertes v\u00ednculos con los clientes y una relaci\u00f3n continuada incluso m\u00e1s all\u00e1 de la finalizaci\u00f3n del proyecto. Y nuestro <strong>compromiso<\/strong> a la hora de garantizarles que su inversi\u00f3n optimizar\u00e1 los procesos productivos nos ha valido su confianza. Por eso, relevantes empresas del sector alimentario siguen trabajando con nosotros.<\/p>\n<p>La uni\u00f3n de tu equipo con el nuestro crear\u00e1 <strong>un engranaje perfecto para alcanzar los objetivos y la excelencia<\/strong>.<\/p>\n<p>[\/et_pb_text][\/et_pb_column][et_pb_column type=\u00bb1_2&#8243; _builder_version=\u00bb4.4.0&#8243; custom_css_main_element=\u00bbalign-self: flex-end;\u00bb border_width_right=\u00bb10px\u00bb border_color_right=\u00bb#35aebd\u00bb][et_pb_text _builder_version=\u00bb4.8.1&#8243; text_font=\u00bb|700|||||||\u00bb text_text_color=\u00bb#35aebd\u00bb text_font_size=\u00bb30px\u00bb text_line_height=\u00bb1.1em\u00bb text_orientation=\u00bbright\u00bb custom_padding=\u00bb|20px|80px||false|false\u00bb border_color_right=\u00bb#35aebd\u00bb]Estos somos nosotros. Tu equipo. Especialistas en industria alimentaria.[\/et_pb_text][\/et_pb_column][\/et_pb_row][\/et_pb_section][et_pb_section fb_built=\u00bb1&#8243; _builder_version=\u00bb4.4.0&#8243; background_color=\u00bb#ececec\u00bb custom_margin=\u00bb0px||2px||false|false\u00bb custom_padding=\u00bb0px||0px||false|false\u00bb][et_pb_row column_structure=\u00bb1_3,1_3,1_3&#8243; use_custom_gutter=\u00bbon\u00bb gutter_width=\u00bb4&#8243; custom_padding_last_edited=\u00bbon|phone\u00bb _builder_version=\u00bb4.8.1&#8243; width=\u00bb100%\u00bb custom_margin=\u00bb0px||||false|false\u00bb custom_margin_tablet=\u00bb\u00bb custom_margin_phone=\u00bb||||false|false\u00bb custom_margin_last_edited=\u00bbon|phone\u00bb custom_padding=\u00bb0px|150px||150px|false|false\u00bb custom_padding_tablet=\u00bb\u00bb custom_padding_phone=\u00bb|50px||50px|false|true\u00bb custom_css_main_element=\u00bbmax-width:1366px;||width:80%!important;||\u00bb border_width_right=\u00bb10px\u00bb border_color_right=\u00bb#35aebd\u00bb custom_css_main_element_last_edited=\u00bbon|desktop\u00bb custom_css_main_element_phone=\u00bbwidth:80%!important;\u00bb][et_pb_column type=\u00bb1_3&#8243; _builder_version=\u00bb4.4.0&#8243;][et_pb_team_member name=\u00bbAlbert Centelles\u00bb position=\u00bbSocio fundador\u00bb image_url=\u00bbhttps:\/\/cenpas.cat\/wp-content\/uploads\/2021\/02\/Albert-Centelles-Color.jpg\u00bb linkedin_url=\u00bbhttps:\/\/www.linkedin.com\/in\/albert-centelles-a0142515&#8243; _builder_version=\u00bb4.9.2&#8243; header_font=\u00bb|600|||||||\u00bb header_text_color=\u00bb#000000&#8243; body_text_color=\u00bb#35AEBD\u00bb position_text_color=\u00bb#35aebd\u00bb]Ingeniero Industrial Superior[\/et_pb_team_member][\/et_pb_column][et_pb_column type=\u00bb1_3&#8243; _builder_version=\u00bb4.4.0&#8243;][et_pb_team_member name=\u00bbRaquel Pasamar\u00bb position=\u00bbSocia fundadora\u00bb image_url=\u00bbhttps:\/\/cenpas.cat\/wp-content\/uploads\/2021\/02\/Raquel-Pasamar-Color.jpg\u00bb _builder_version=\u00bb4.9.2&#8243; header_font=\u00bb|600|||||||\u00bb header_text_color=\u00bb#000000&#8243; body_text_color=\u00bb#35AEBD\u00bb position_text_color=\u00bb#35aebd\u00bb]Arquitecta[\/et_pb_team_member][\/et_pb_column][et_pb_column type=\u00bb1_3&#8243; _builder_version=\u00bb4.4.0&#8243;][\/et_pb_column][\/et_pb_row][et_pb_row column_structure=\u00bb1_3,1_3,1_3&#8243; use_custom_gutter=\u00bbon\u00bb gutter_width=\u00bb4&#8243; custom_padding_last_edited=\u00bbon|phone\u00bb _builder_version=\u00bb4.8.1&#8243; width=\u00bb100%\u00bb custom_margin=\u00bb0px||||false|false\u00bb custom_padding=\u00bb0px|150px||150px|false|false\u00bb custom_padding_tablet=\u00bb\u00bb custom_padding_phone=\u00bb|50px||50px|false|false\u00bb custom_css_main_element=\u00bbmax-width:1366px;||width:80%!important;\u00bb border_width_right=\u00bb10px\u00bb border_color_right=\u00bb#35aebd\u00bb custom_css_main_element_last_edited=\u00bbon|tablet\u00bb custom_css_main_element_phone=\u00bbwidth:80%!important;\u00bb custom_css_main_element_tablet=\u00bbwidth:80%!important;\u00bb][et_pb_column type=\u00bb1_3&#8243; _builder_version=\u00bb4.4.0&#8243;][et_pb_team_member name=\u00bbCarles Garcia\u00bb position=\u00bbResponsable departamento de instalaciones\u00bb image_url=\u00bbhttps:\/\/cenpas.cat\/wp-content\/uploads\/2021\/02\/Carles-Garcia-Color.jpg\u00bb linkedin_url=\u00bbhttps:\/\/www.linkedin.com\/in\/carlos-garc%C3%ADa-morales-24151131&#8243; _builder_version=\u00bb4.9.2&#8243; header_font=\u00bb|600|||||||\u00bb header_text_color=\u00bb#000000&#8243; body_text_color=\u00bb#35AEBD\u00bb position_text_color=\u00bb#35aebd\u00bb]Ingeniero T\u00e9cnico[\/et_pb_team_member][\/et_pb_column][et_pb_column type=\u00bb1_3&#8243; _builder_version=\u00bb4.4.0&#8243;][et_pb_team_member name=\u00bbBego\u00f1a Olego\u00bb position=\u00bbResponsable departamento Ayudas y Comercial\u00bb image_url=\u00bbhttps:\/\/cenpas.cat\/wp-content\/uploads\/2021\/02\/Begona-Olego-Color.jpg\u00bb linkedin_url=\u00bbhttps:\/\/www.linkedin.com\/in\/begoolego\u00bb _builder_version=\u00bb4.9.2&#8243; header_font=\u00bb|600|||||||\u00bb header_text_color=\u00bb#000000&#8243; position_text_color=\u00bb#35aebd\u00bb][\/et_pb_team_member][\/et_pb_column][et_pb_column type=\u00bb1_3&#8243; _builder_version=\u00bb4.4.0&#8243;][\/et_pb_column][\/et_pb_row][et_pb_row column_structure=\u00bb1_3,1_3,1_3&#8243; use_custom_gutter=\u00bbon\u00bb gutter_width=\u00bb4&#8243; custom_padding_last_edited=\u00bbon|tablet\u00bb disabled_on=\u00bbon|on|on\u00bb _builder_version=\u00bb4.9.2&#8243; width=\u00bb100%\u00bb custom_margin=\u00bb0px||||false|false\u00bb custom_padding=\u00bb0px|150px||150px|false|false\u00bb custom_padding_tablet=\u00bb|150px||150px|false|false\u00bb custom_padding_phone=\u00bb|50px||50px|false|false\u00bb custom_css_main_element=\u00bbmax-width:1366px;||width:80%!important;\u00bb border_width_right=\u00bb10px\u00bb border_color_right=\u00bb#35aebd\u00bb disabled=\u00bbon\u00bb custom_css_main_element_last_edited=\u00bbon|tablet\u00bb custom_css_main_element_phone=\u00bbwidth:80%!important;\u00bb custom_css_main_element_tablet=\u00bbwidth:80%!important;\u00bb][et_pb_column type=\u00bb1_3&#8243; _builder_version=\u00bb4.4.0&#8243;][et_pb_team_member name=\u00bbYerai M\u00e1rquez\u00bb position=\u00bbT\u00e9cnico superior de Proyectos\u00bb image_url=\u00bbhttps:\/\/cenpas.cat\/wp-content\/uploads\/2021\/02\/Yerai-Marquez-Color.jpg\u00bb linkedin_url=\u00bbhttps:\/\/www.linkedin.com\/in\/yerai-marquez-a505191a9&#8243; _builder_version=\u00bb4.9.2&#8243; header_font=\u00bb|600|||||||\u00bb header_text_color=\u00bb#000000&#8243; position_text_color=\u00bb#35aebd\u00bb][\/et_pb_team_member][et_pb_team_member name=\u00bbEmma Sarkisova\u00bb position=\u00bbArquitecta\u00bb image_url=\u00bbhttps:\/\/cenpas.cat\/wp-content\/uploads\/2021\/02\/Emma-Color.jpg\u00bb _builder_version=\u00bb4.9.2&#8243; header_font=\u00bb|600|||||||\u00bb header_text_color=\u00bb#000000&#8243; position_text_color=\u00bb#35aebd\u00bb][\/et_pb_team_member][\/et_pb_column][et_pb_column type=\u00bb1_3&#8243; _builder_version=\u00bb4.4.0&#8243;][et_pb_team_member name=\u00bbIva Ivanova\u00bb position=\u00bbArquitecta\u00bb image_url=\u00bbhttps:\/\/cenpas.cat\/wp-content\/uploads\/2021\/02\/Iva-Ivanova-Color.jpg\u00bb linkedin_url=\u00bbhttps:\/\/www.linkedin.com\/in\/iva-ivanova-evtimova-5571a3161&#8243; _builder_version=\u00bb4.9.2&#8243; header_font=\u00bb|600|||||||\u00bb header_text_color=\u00bb#000000&#8243; position_text_color=\u00bb#35aebd\u00bb][\/et_pb_team_member][\/et_pb_column][et_pb_column type=\u00bb1_3&#8243; _builder_version=\u00bb4.4.0&#8243;][et_pb_team_member name=\u00bbNil Llobera\u00bb position=\u00bbT\u00e9cnico superior de Proyectos\u00bb image_url=\u00bbhttps:\/\/cenpas.cat\/wp-content\/uploads\/2021\/02\/Nil-Llobera-Color.jpg\u00bb linkedin_url=\u00bbhttp:\/\/linkedin.com\/in\/nil-llobera-martin-05749b170&#8243; _builder_version=\u00bb4.9.2&#8243; header_font=\u00bb|600|||||||\u00bb header_text_color=\u00bb#000000&#8243; position_text_color=\u00bb#35aebd\u00bb][\/et_pb_team_member][\/et_pb_column][\/et_pb_row][\/et_pb_section]<\/p>\n","protected":false},"excerpt":{"rendered":"<p>[et_pb_section fb_built=\u00bb1&#8243; fullwidth=\u00bbon\u00bb _builder_version=\u00bb4.9.2&#8243;][et_pb_fullwidth_header title=\u00bbNosotros\u00bb logo_image_url=\u00bbhttps:\/\/cenpas.cat\/wp-content\/uploads\/2021\/01\/qui_som-1.svg\u00bb _builder_version=\u00bb4.9.2&#8243; background_enable_color=\u00bboff\u00bb use_background_color_gradient=\u00bbon\u00bb background_color_gradient_start=\u00bbrgba(0,0,0,0.14)\u00bb background_color_gradient_end=\u00bbrgba(0,0,0,0.7)\u00bb background_color_gradient_type=\u00bbradial\u00bb background_color_gradient_overlays_image=\u00bbon\u00bb background_image=\u00bbhttps:\/\/cenpas.cat\/wp-content\/uploads\/2023\/02\/nosaltres-1024&#215;375-febrer2023.jpg\u00bb custom_padding=\u00bb300px||||false|false\u00bb custom_padding_tablet=\u00bb\u00bb custom_padding_phone=\u00bb150px||||false|false\u00bb custom_padding_last_edited=\u00bbon|phone\u00bb hover_enabled=\u00bb0&#8243; alt=\u00bbFoto del despatx\u00bb title_text=\u00bbnosaltres-1024&#215;375-febrer2023&#8243; sticky_enabled=\u00bb0&#8243;][\/et_pb_fullwidth_header][\/et_pb_section][et_pb_section fb_built=\u00bb1&#8243; _builder_version=\u00bb4.8.1&#8243; custom_margin=\u00bb||0px||false|false\u00bb custom_padding=\u00bb||0px||false|false\u00bb][et_pb_row column_structure=\u00bb1_2,1_2&#8243; make_equal=\u00bbon\u00bb _builder_version=\u00bb4.4.0&#8243; custom_padding=\u00bb||0px||false|false\u00bb][et_pb_column type=\u00bb1_2&#8243; _builder_version=\u00bb4.4.0&#8243; custom_padding=\u00bb||||false|false\u00bb][et_pb_text _builder_version=\u00bb4.8.1&#8243; custom_padding=\u00bb||80px||false|false\u00bb] Somos un equipo de especialistas de formaci\u00f3n multidisciplinaria con una experiencia de m\u00e1s de 12 a\u00f1os en el [&hellip;]<\/p>\n","protected":false},"author":1,"featured_media":0,"parent":0,"menu_order":0,"comment_status":"closed","ping_status":"closed","template":"","meta":{"_et_pb_use_builder":"on","_et_pb_old_content":"","_et_gb_content_width":""},"yoast_head":"<!-- This site is optimized with the Yoast SEO plugin v17.5 - https:\/\/yoast.com\/wordpress\/plugins\/seo\/ -->\n<title>Nosotros - Cenpas<\/title>\n<meta name=\"description\" content=\"Equipo multidisciplinario, proactivo, estable, comprometido y din\u00e1mico que se une al equipo del cliente para garantizar que su inversi\u00f3n optimizar\u00e1 los procesos productivos.\" \/>\n<meta name=\"robots\" content=\"index, follow, max-snippet:-1, max-image-preview:large, max-video-preview:-1\" \/>\n<link rel=\"canonical\" href=\"https:\/\/cenpas.cat\/es\/nosotros\/\" \/>\n<meta property=\"og:locale\" content=\"es_ES\" \/>\n<meta property=\"og:type\" content=\"article\" \/>\n<meta property=\"og:title\" content=\"Nosotros - Cenpas\" \/>\n<meta property=\"og:description\" content=\"Equipo multidisciplinario, proactivo, estable, comprometido y din\u00e1mico que se une al equipo del cliente para garantizar que su inversi\u00f3n optimizar\u00e1 los procesos productivos.\" \/>\n<meta property=\"og:url\" content=\"https:\/\/cenpas.cat\/es\/nosotros\/\" \/>\n<meta property=\"og:site_name\" content=\"Cenpas\" \/>\n<meta property=\"article:modified_time\" content=\"2023-02-02T20:19:04+00:00\" \/>\n<meta name=\"twitter:card\" content=\"summary_large_image\" \/>\n<meta name=\"twitter:label1\" content=\"Tiempo de lectura\" \/>\n\t<meta name=\"twitter:data1\" content=\"6 minutos\" \/>\n<script type=\"application\/ld+json\" class=\"yoast-schema-graph\">{\"@context\":\"https:\/\/schema.org\",\"@graph\":[{\"@type\":\"Organization\",\"@id\":\"https:\/\/cenpas.cat\/#organization\",\"name\":\"Cenpas\",\"url\":\"https:\/\/cenpas.cat\/\",\"sameAs\":[\"https:\/\/www.instagram.com\/cenpasslp\/\",\"https:\/\/www.linkedin.com\/company\/cenpa-enginyeria-i-arquitectura\"],\"logo\":{\"@type\":\"ImageObject\",\"@id\":\"https:\/\/cenpas.cat\/#logo\",\"inLanguage\":\"es\",\"url\":\"https:\/\/cenpas.cat\/wp-content\/uploads\/2021\/03\/cenpas_logo_n.png\",\"contentUrl\":\"https:\/\/cenpas.cat\/wp-content\/uploads\/2021\/03\/cenpas_logo_n.png\",\"width\":818,\"height\":267,\"caption\":\"Cenpas\"},\"image\":{\"@id\":\"https:\/\/cenpas.cat\/#logo\"}},{\"@type\":\"WebSite\",\"@id\":\"https:\/\/cenpas.cat\/#website\",\"url\":\"https:\/\/cenpas.cat\/\",\"name\":\"Cenpas\",\"description\":\"Enginyeria\\u2029per a la \\u2029ind\\u00fastria \\u2029aliment\\u00e0ria\",\"publisher\":{\"@id\":\"https:\/\/cenpas.cat\/#organization\"},\"potentialAction\":[{\"@type\":\"SearchAction\",\"target\":{\"@type\":\"EntryPoint\",\"urlTemplate\":\"https:\/\/cenpas.cat\/?s={search_term_string}\"},\"query-input\":\"required name=search_term_string\"}],\"inLanguage\":\"es\"},{\"@type\":\"WebPage\",\"@id\":\"https:\/\/cenpas.cat\/es\/nosotros\/#webpage\",\"url\":\"https:\/\/cenpas.cat\/es\/nosotros\/\",\"name\":\"Nosotros - Cenpas\",\"isPartOf\":{\"@id\":\"https:\/\/cenpas.cat\/#website\"},\"datePublished\":\"2021-01-12T14:25:05+00:00\",\"dateModified\":\"2023-02-02T20:19:04+00:00\",\"description\":\"Equipo multidisciplinario, proactivo, estable, comprometido y din\\u00e1mico que se une al equipo del cliente para garantizar que su inversi\\u00f3n optimizar\\u00e1 los procesos productivos.\",\"breadcrumb\":{\"@id\":\"https:\/\/cenpas.cat\/es\/nosotros\/#breadcrumb\"},\"inLanguage\":\"es\",\"potentialAction\":[{\"@type\":\"ReadAction\",\"target\":[\"https:\/\/cenpas.cat\/es\/nosotros\/\"]}]},{\"@type\":\"BreadcrumbList\",\"@id\":\"https:\/\/cenpas.cat\/es\/nosotros\/#breadcrumb\",\"itemListElement\":[{\"@type\":\"ListItem\",\"position\":1,\"name\":\"Inici\",\"item\":\"https:\/\/cenpas.cat\/es\/\"},{\"@type\":\"ListItem\",\"position\":2,\"name\":\"Nosotros\"}]}]}<\/script>\n<!-- \/ Yoast SEO plugin. -->","yoast_head_json":{"title":"Nosotros - Cenpas","description":"Equipo multidisciplinario, proactivo, estable, comprometido y din\u00e1mico que se une al equipo del cliente para garantizar que su inversi\u00f3n optimizar\u00e1 los procesos productivos.","robots":{"index":"index","follow":"follow","max-snippet":"max-snippet:-1","max-image-preview":"max-image-preview:large","max-video-preview":"max-video-preview:-1"},"canonical":"https:\/\/cenpas.cat\/es\/nosotros\/","og_locale":"es_ES","og_type":"article","og_title":"Nosotros - Cenpas","og_description":"Equipo multidisciplinario, proactivo, estable, comprometido y din\u00e1mico que se une al equipo del cliente para garantizar que su inversi\u00f3n optimizar\u00e1 los procesos productivos.","og_url":"https:\/\/cenpas.cat\/es\/nosotros\/","og_site_name":"Cenpas","article_modified_time":"2023-02-02T20:19:04+00:00","twitter_card":"summary_large_image","twitter_misc":{"Tiempo de lectura":"6 minutos"},"schema":{"@context":"https:\/\/schema.org","@graph":[{"@type":"Organization","@id":"https:\/\/cenpas.cat\/#organization","name":"Cenpas","url":"https:\/\/cenpas.cat\/","sameAs":["https:\/\/www.instagram.com\/cenpasslp\/","https:\/\/www.linkedin.com\/company\/cenpa-enginyeria-i-arquitectura"],"logo":{"@type":"ImageObject","@id":"https:\/\/cenpas.cat\/#logo","inLanguage":"es","url":"https:\/\/cenpas.cat\/wp-content\/uploads\/2021\/03\/cenpas_logo_n.png","contentUrl":"https:\/\/cenpas.cat\/wp-content\/uploads\/2021\/03\/cenpas_logo_n.png","width":818,"height":267,"caption":"Cenpas"},"image":{"@id":"https:\/\/cenpas.cat\/#logo"}},{"@type":"WebSite","@id":"https:\/\/cenpas.cat\/#website","url":"https:\/\/cenpas.cat\/","name":"Cenpas","description":"Enginyeria\u2029per a la \u2029ind\u00fastria \u2029aliment\u00e0ria","publisher":{"@id":"https:\/\/cenpas.cat\/#organization"},"potentialAction":[{"@type":"SearchAction","target":{"@type":"EntryPoint","urlTemplate":"https:\/\/cenpas.cat\/?s={search_term_string}"},"query-input":"required name=search_term_string"}],"inLanguage":"es"},{"@type":"WebPage","@id":"https:\/\/cenpas.cat\/es\/nosotros\/#webpage","url":"https:\/\/cenpas.cat\/es\/nosotros\/","name":"Nosotros - Cenpas","isPartOf":{"@id":"https:\/\/cenpas.cat\/#website"},"datePublished":"2021-01-12T14:25:05+00:00","dateModified":"2023-02-02T20:19:04+00:00","description":"Equipo multidisciplinario, proactivo, estable, comprometido y din\u00e1mico que se une al equipo del cliente para garantizar que su inversi\u00f3n optimizar\u00e1 los procesos productivos.","breadcrumb":{"@id":"https:\/\/cenpas.cat\/es\/nosotros\/#breadcrumb"},"inLanguage":"es","potentialAction":[{"@type":"ReadAction","target":["https:\/\/cenpas.cat\/es\/nosotros\/"]}]},{"@type":"BreadcrumbList","@id":"https:\/\/cenpas.cat\/es\/nosotros\/#breadcrumb","itemListElement":[{"@type":"ListItem","position":1,"name":"Inici","item":"https:\/\/cenpas.cat\/es\/"},{"@type":"ListItem","position":2,"name":"Nosotros"}]}]}},"_links":{"self":[{"href":"https:\/\/cenpas.cat\/es\/wp-json\/wp\/v2\/pages\/752"}],"collection":[{"href":"https:\/\/cenpas.cat\/es\/wp-json\/wp\/v2\/pages"}],"about":[{"href":"https:\/\/cenpas.cat\/es\/wp-json\/wp\/v2\/types\/page"}],"author":[{"embeddable":true,"href":"https:\/\/cenpas.cat\/es\/wp-json\/wp\/v2\/users\/1"}],"replies":[{"embeddable":true,"href":"https:\/\/cenpas.cat\/es\/wp-json\/wp\/v2\/comments?post=752"}],"version-history":[{"count":13,"href":"https:\/\/cenpas.cat\/es\/wp-json\/wp\/v2\/pages\/752\/revisions"}],"predecessor-version":[{"id":1491,"href":"https:\/\/cenpas.cat\/es\/wp-json\/wp\/v2\/pages\/752\/revisions\/1491"}],"wp:attachment":[{"href":"https:\/\/cenpas.cat\/es\/wp-json\/wp\/v2\/media?parent=752"}],"curies":[{"name":"wp","href":"https:\/\/api.w.org\/{rel}","templated":true}]}}