{"id":766,"date":"2020-04-17T11:14:15","date_gmt":"2020-04-17T09:14:15","guid":{"rendered":"https:\/\/cenpas.cat\/construccio-i-reforma\/"},"modified":"2021-04-09T11:56:56","modified_gmt":"2021-04-09T09:56:56","slug":"construccion-y-reforma","status":"publish","type":"page","link":"https:\/\/cenpas.cat\/es\/construccion-y-reforma\/","title":{"rendered":"Construcci\u00f3n y reforma"},"content":{"rendered":"<p>[et_pb_section fb_built=\u00bb1&#8243; fullwidth=\u00bbon\u00bb _builder_version=\u00bb4.4.0&#8243;][et_pb_fullwidth_header title=\u00bbConstrucci\u00f3n y reforma\u00bb logo_image_url=\u00bbhttps:\/\/cenpas.cat\/wp-content\/uploads\/2021\/02\/construccio_reforma.svg\u00bb _builder_version=\u00bb4.8.1&#8243; background_enable_color=\u00bboff\u00bb use_background_color_gradient=\u00bbon\u00bb background_color_gradient_start=\u00bbrgba(0,0,0,0.14)\u00bb background_color_gradient_end=\u00bbrgba(0,0,0,0.7)\u00bb background_color_gradient_type=\u00bbradial\u00bb background_color_gradient_overlays_image=\u00bbon\u00bb background_image=\u00bbhttps:\/\/cenpas.cat\/wp-content\/uploads\/2021\/02\/construccio-reforma.jpg\u00bb custom_padding=\u00bb300px||||false|false\u00bb custom_padding_tablet=\u00bb\u00bb custom_padding_phone=\u00bb150px||||false|false\u00bb custom_padding_last_edited=\u00bbon|phone\u00bb][\/et_pb_fullwidth_header][\/et_pb_section][et_pb_section fb_built=\u00bb1&#8243; _builder_version=\u00bb4.8.1&#8243; custom_margin=\u00bb||0px||false|false\u00bb custom_padding=\u00bb||0px||false|false\u00bb][et_pb_row column_structure=\u00bb1_2,1_4,1_4&#8243; make_equal=\u00bbon\u00bb _builder_version=\u00bb4.8.1&#8243; custom_padding=\u00bb||0px||false|false\u00bb][et_pb_column type=\u00bb1_2&#8243; _builder_version=\u00bb4.4.0&#8243; custom_padding=\u00bb||||false|false\u00bb][et_pb_text _builder_version=\u00bb4.8.1&#8243; custom_padding=\u00bb||80px||false|false\u00bb]<\/p>\n<p>Nuestra experiencia en la <strong>direcci\u00f3n de obras industriales<\/strong>, conocimiento de las innovaciones en sistemas constructivos y especializaci\u00f3n en <strong>energ\u00edas renovables<\/strong> nos permite realizar reformas y <strong>proyectos llave en mano<\/strong> con un claro valor a\u00f1adido.<\/p>\n<p>Nos <strong>responsabilizamos<\/strong> del proyecto desde su <strong>concepci\u00f3n hasta la ejecuci\u00f3n<\/strong>, y realizamos un exhaustivo control y seguimiento del proceso constructivo. Centralizamos la gesti\u00f3n de los diferentes agentes que intervienen en la obra: las <strong>compras<\/strong>, la <strong>construcci\u00f3n<\/strong> y la <strong>legalizaci\u00f3n<\/strong> hasta la <strong>entrega<\/strong>, y posterior <strong>mantenimiento<\/strong>. De esta forma podemos simplificar procesos, mejorar la eficiencia y comprometernos a <strong>alcanzar los objetivos pactados<\/strong> con el cliente a nivel de tiempo, coste y calidad.<\/p>\n<p>Adem\u00e1s, somos especialistas en <strong>gestionar el suministro el\u00e9ctrico<\/strong> en baja y media tensi\u00f3n. Ello nos permite acortar los plazos de contrataciones y conseguir las <strong>condiciones t\u00e9cnico-econ\u00f3micas m\u00e1s \u00f3ptimas para el cliente<\/strong>.<\/p>\n<p>[\/et_pb_text][\/et_pb_column][et_pb_column type=\u00bb1_4&#8243; _builder_version=\u00bb4.8.1&#8243; border_width_right=\u00bb10px\u00bb border_color_right=\u00bb#35aebd\u00bb][et_pb_text _builder_version=\u00bb4.8.1&#8243; text_font=\u00bb|700|||||||\u00bb text_text_color=\u00bb#35aebd\u00bb text_font_size=\u00bb30px\u00bb text_line_height=\u00bb1.1em\u00bb text_orientation=\u00bbright\u00bb custom_padding=\u00bb|20px|80px||false|false\u00bb border_color_right=\u00bb#35aebd\u00bb]Proyecto global, desde la idea a la construcci\u00f3n [\/et_pb_text][\/et_pb_column][et_pb_column type=\u00bb1_4&#8243; _builder_version=\u00bb4.8.1&#8243; custom_css_main_element=\u00bbalign-self: flex-end;\u00bb border_color_right=\u00bb#35aebd\u00bb][\/et_pb_column][\/et_pb_row][\/et_pb_section]<\/p>\n","protected":false},"excerpt":{"rendered":"<p>[et_pb_section fb_built=\u00bb1&#8243; fullwidth=\u00bbon\u00bb _builder_version=\u00bb4.4.0&#8243;][et_pb_fullwidth_header title=\u00bbConstrucci\u00f3n y reforma\u00bb logo_image_url=\u00bbhttps:\/\/cenpas.cat\/wp-content\/uploads\/2021\/02\/construccio_reforma.svg\u00bb _builder_version=\u00bb4.8.1&#8243; background_enable_color=\u00bboff\u00bb use_background_color_gradient=\u00bbon\u00bb background_color_gradient_start=\u00bbrgba(0,0,0,0.14)\u00bb background_color_gradient_end=\u00bbrgba(0,0,0,0.7)\u00bb background_color_gradient_type=\u00bbradial\u00bb background_color_gradient_overlays_image=\u00bbon\u00bb background_image=\u00bbhttps:\/\/cenpas.cat\/wp-content\/uploads\/2021\/02\/construccio-reforma.jpg\u00bb custom_padding=\u00bb300px||||false|false\u00bb custom_padding_tablet=\u00bb\u00bb custom_padding_phone=\u00bb150px||||false|false\u00bb custom_padding_last_edited=\u00bbon|phone\u00bb][\/et_pb_fullwidth_header][\/et_pb_section][et_pb_section fb_built=\u00bb1&#8243; _builder_version=\u00bb4.8.1&#8243; custom_margin=\u00bb||0px||false|false\u00bb custom_padding=\u00bb||0px||false|false\u00bb][et_pb_row column_structure=\u00bb1_2,1_4,1_4&#8243; make_equal=\u00bbon\u00bb _builder_version=\u00bb4.8.1&#8243; custom_padding=\u00bb||0px||false|false\u00bb][et_pb_column type=\u00bb1_2&#8243; _builder_version=\u00bb4.4.0&#8243; custom_padding=\u00bb||||false|false\u00bb][et_pb_text _builder_version=\u00bb4.8.1&#8243; custom_padding=\u00bb||80px||false|false\u00bb] Nuestra experiencia en la direcci\u00f3n de obras industriales, conocimiento de las innovaciones en sistemas constructivos y especializaci\u00f3n en energ\u00edas renovables nos permite [&hellip;]<\/p>\n","protected":false},"author":1,"featured_media":0,"parent":0,"menu_order":0,"comment_status":"closed","ping_status":"closed","template":"","meta":{"_et_pb_use_builder":"on","_et_pb_old_content":"","_et_gb_content_width":""},"yoast_head":"<!-- This site is optimized with the Yoast SEO plugin v17.5 - https:\/\/yoast.com\/wordpress\/plugins\/seo\/ -->\n<title>Construcci\u00f3n y reforma - Cenpas<\/title>\n<meta name=\"description\" content=\"Realizamos reformas y proyectos llave en mano con valor a\u00f1adido: centralizamos la gesti\u00f3n, aportamos experiencia y ofrecemos innovaci\u00f3n en sistemas constructivos y energ\u00edas renovables.\" \/>\n<meta name=\"robots\" content=\"index, follow, max-snippet:-1, max-image-preview:large, max-video-preview:-1\" \/>\n<link rel=\"canonical\" href=\"https:\/\/cenpas.cat\/es\/construccion-y-reforma\/\" \/>\n<meta property=\"og:locale\" content=\"es_ES\" \/>\n<meta property=\"og:type\" content=\"article\" \/>\n<meta property=\"og:title\" content=\"Construcci\u00f3n y reforma - Cenpas\" \/>\n<meta property=\"og:description\" content=\"Realizamos reformas y proyectos llave en mano con valor a\u00f1adido: centralizamos la gesti\u00f3n, aportamos experiencia y ofrecemos innovaci\u00f3n en sistemas constructivos y energ\u00edas renovables.\" \/>\n<meta property=\"og:url\" content=\"https:\/\/cenpas.cat\/es\/construccion-y-reforma\/\" \/>\n<meta property=\"og:site_name\" content=\"Cenpas\" \/>\n<meta property=\"article:modified_time\" content=\"2021-04-09T09:56:56+00:00\" \/>\n<meta name=\"twitter:card\" content=\"summary_large_image\" \/>\n<meta name=\"twitter:label1\" content=\"Tiempo de lectura\" \/>\n\t<meta name=\"twitter:data1\" content=\"2 minutos\" \/>\n<script type=\"application\/ld+json\" class=\"yoast-schema-graph\">{\"@context\":\"https:\/\/schema.org\",\"@graph\":[{\"@type\":\"Organization\",\"@id\":\"https:\/\/cenpas.cat\/#organization\",\"name\":\"Cenpas\",\"url\":\"https:\/\/cenpas.cat\/\",\"sameAs\":[\"https:\/\/www.instagram.com\/cenpasslp\/\",\"https:\/\/www.linkedin.com\/company\/cenpa-enginyeria-i-arquitectura\"],\"logo\":{\"@type\":\"ImageObject\",\"@id\":\"https:\/\/cenpas.cat\/#logo\",\"inLanguage\":\"es\",\"url\":\"https:\/\/cenpas.cat\/wp-content\/uploads\/2021\/03\/cenpas_logo_n.png\",\"contentUrl\":\"https:\/\/cenpas.cat\/wp-content\/uploads\/2021\/03\/cenpas_logo_n.png\",\"width\":818,\"height\":267,\"caption\":\"Cenpas\"},\"image\":{\"@id\":\"https:\/\/cenpas.cat\/#logo\"}},{\"@type\":\"WebSite\",\"@id\":\"https:\/\/cenpas.cat\/#website\",\"url\":\"https:\/\/cenpas.cat\/\",\"name\":\"Cenpas\",\"description\":\"Enginyeria\\u2029per a la \\u2029ind\\u00fastria \\u2029aliment\\u00e0ria\",\"publisher\":{\"@id\":\"https:\/\/cenpas.cat\/#organization\"},\"potentialAction\":[{\"@type\":\"SearchAction\",\"target\":{\"@type\":\"EntryPoint\",\"urlTemplate\":\"https:\/\/cenpas.cat\/?s={search_term_string}\"},\"query-input\":\"required name=search_term_string\"}],\"inLanguage\":\"es\"},{\"@type\":\"WebPage\",\"@id\":\"https:\/\/cenpas.cat\/es\/construccion-y-reforma\/#webpage\",\"url\":\"https:\/\/cenpas.cat\/es\/construccion-y-reforma\/\",\"name\":\"Construcci\\u00f3n y reforma - Cenpas\",\"isPartOf\":{\"@id\":\"https:\/\/cenpas.cat\/#website\"},\"datePublished\":\"2020-04-17T09:14:15+00:00\",\"dateModified\":\"2021-04-09T09:56:56+00:00\",\"description\":\"Realizamos reformas y proyectos llave en mano con valor a\\u00f1adido: centralizamos la gesti\\u00f3n, aportamos experiencia y ofrecemos innovaci\\u00f3n en sistemas constructivos y energ\\u00edas renovables.\",\"breadcrumb\":{\"@id\":\"https:\/\/cenpas.cat\/es\/construccion-y-reforma\/#breadcrumb\"},\"inLanguage\":\"es\",\"potentialAction\":[{\"@type\":\"ReadAction\",\"target\":[\"https:\/\/cenpas.cat\/es\/construccion-y-reforma\/\"]}]},{\"@type\":\"BreadcrumbList\",\"@id\":\"https:\/\/cenpas.cat\/es\/construccion-y-reforma\/#breadcrumb\",\"itemListElement\":[{\"@type\":\"ListItem\",\"position\":1,\"name\":\"Inici\",\"item\":\"https:\/\/cenpas.cat\/es\/\"},{\"@type\":\"ListItem\",\"position\":2,\"name\":\"Construcci\\u00f3n y reforma\"}]}]}<\/script>\n<!-- \/ Yoast SEO plugin. -->","yoast_head_json":{"title":"Construcci\u00f3n y reforma - Cenpas","description":"Realizamos reformas y proyectos llave en mano con valor a\u00f1adido: centralizamos la gesti\u00f3n, aportamos experiencia y ofrecemos innovaci\u00f3n en sistemas constructivos y energ\u00edas renovables.","robots":{"index":"index","follow":"follow","max-snippet":"max-snippet:-1","max-image-preview":"max-image-preview:large","max-video-preview":"max-video-preview:-1"},"canonical":"https:\/\/cenpas.cat\/es\/construccion-y-reforma\/","og_locale":"es_ES","og_type":"article","og_title":"Construcci\u00f3n y reforma - Cenpas","og_description":"Realizamos reformas y proyectos llave en mano con valor a\u00f1adido: centralizamos la gesti\u00f3n, aportamos experiencia y ofrecemos innovaci\u00f3n en sistemas constructivos y energ\u00edas renovables.","og_url":"https:\/\/cenpas.cat\/es\/construccion-y-reforma\/","og_site_name":"Cenpas","article_modified_time":"2021-04-09T09:56:56+00:00","twitter_card":"summary_large_image","twitter_misc":{"Tiempo de lectura":"2 minutos"},"schema":{"@context":"https:\/\/schema.org","@graph":[{"@type":"Organization","@id":"https:\/\/cenpas.cat\/#organization","name":"Cenpas","url":"https:\/\/cenpas.cat\/","sameAs":["https:\/\/www.instagram.com\/cenpasslp\/","https:\/\/www.linkedin.com\/company\/cenpa-enginyeria-i-arquitectura"],"logo":{"@type":"ImageObject","@id":"https:\/\/cenpas.cat\/#logo","inLanguage":"es","url":"https:\/\/cenpas.cat\/wp-content\/uploads\/2021\/03\/cenpas_logo_n.png","contentUrl":"https:\/\/cenpas.cat\/wp-content\/uploads\/2021\/03\/cenpas_logo_n.png","width":818,"height":267,"caption":"Cenpas"},"image":{"@id":"https:\/\/cenpas.cat\/#logo"}},{"@type":"WebSite","@id":"https:\/\/cenpas.cat\/#website","url":"https:\/\/cenpas.cat\/","name":"Cenpas","description":"Enginyeria\u2029per a la \u2029ind\u00fastria \u2029aliment\u00e0ria","publisher":{"@id":"https:\/\/cenpas.cat\/#organization"},"potentialAction":[{"@type":"SearchAction","target":{"@type":"EntryPoint","urlTemplate":"https:\/\/cenpas.cat\/?s={search_term_string}"},"query-input":"required name=search_term_string"}],"inLanguage":"es"},{"@type":"WebPage","@id":"https:\/\/cenpas.cat\/es\/construccion-y-reforma\/#webpage","url":"https:\/\/cenpas.cat\/es\/construccion-y-reforma\/","name":"Construcci\u00f3n y reforma - Cenpas","isPartOf":{"@id":"https:\/\/cenpas.cat\/#website"},"datePublished":"2020-04-17T09:14:15+00:00","dateModified":"2021-04-09T09:56:56+00:00","description":"Realizamos reformas y proyectos llave en mano con valor a\u00f1adido: centralizamos la gesti\u00f3n, aportamos experiencia y ofrecemos innovaci\u00f3n en sistemas constructivos y energ\u00edas renovables.","breadcrumb":{"@id":"https:\/\/cenpas.cat\/es\/construccion-y-reforma\/#breadcrumb"},"inLanguage":"es","potentialAction":[{"@type":"ReadAction","target":["https:\/\/cenpas.cat\/es\/construccion-y-reforma\/"]}]},{"@type":"BreadcrumbList","@id":"https:\/\/cenpas.cat\/es\/construccion-y-reforma\/#breadcrumb","itemListElement":[{"@type":"ListItem","position":1,"name":"Inici","item":"https:\/\/cenpas.cat\/es\/"},{"@type":"ListItem","position":2,"name":"Construcci\u00f3n y reforma"}]}]}},"_links":{"self":[{"href":"https:\/\/cenpas.cat\/es\/wp-json\/wp\/v2\/pages\/766"}],"collection":[{"href":"https:\/\/cenpas.cat\/es\/wp-json\/wp\/v2\/pages"}],"about":[{"href":"https:\/\/cenpas.cat\/es\/wp-json\/wp\/v2\/types\/page"}],"author":[{"embeddable":true,"href":"https:\/\/cenpas.cat\/es\/wp-json\/wp\/v2\/users\/1"}],"replies":[{"embeddable":true,"href":"https:\/\/cenpas.cat\/es\/wp-json\/wp\/v2\/comments?post=766"}],"version-history":[{"count":4,"href":"https:\/\/cenpas.cat\/es\/wp-json\/wp\/v2\/pages\/766\/revisions"}],"predecessor-version":[{"id":1441,"href":"https:\/\/cenpas.cat\/es\/wp-json\/wp\/v2\/pages\/766\/revisions\/1441"}],"wp:attachment":[{"href":"https:\/\/cenpas.cat\/es\/wp-json\/wp\/v2\/media?parent=766"}],"curies":[{"name":"wp","href":"https:\/\/api.w.org\/{rel}","templated":true}]}}