{"id":771,"date":"2021-02-05T16:49:58","date_gmt":"2021-02-05T14:49:58","guid":{"rendered":"https:\/\/cenpas.cat\/gestio-de-subvencions\/"},"modified":"2021-04-09T11:58:18","modified_gmt":"2021-04-09T09:58:18","slug":"gestion-de-subvenciones","status":"publish","type":"page","link":"https:\/\/cenpas.cat\/es\/gestion-de-subvenciones\/","title":{"rendered":"Gesti\u00f3n de subvenciones"},"content":{"rendered":"<p>[et_pb_section fb_built=\u00bb1&#8243; fullwidth=\u00bbon\u00bb _builder_version=\u00bb4.4.0&#8243;][et_pb_fullwidth_header title=\u00bbGesti\u00f3n de subvenciones\u00bb logo_image_url=\u00bbhttps:\/\/cenpas.cat\/wp-content\/uploads\/2021\/02\/gestio_subvencions.svg\u00bb _builder_version=\u00bb4.8.1&#8243; background_enable_color=\u00bboff\u00bb use_background_color_gradient=\u00bbon\u00bb background_color_gradient_start=\u00bbrgba(0,0,0,0.14)\u00bb background_color_gradient_end=\u00bbrgba(0,0,0,0.7)\u00bb background_color_gradient_type=\u00bbradial\u00bb background_color_gradient_overlays_image=\u00bbon\u00bb background_image=\u00bbhttps:\/\/cenpas.cat\/wp-content\/uploads\/2021\/02\/gestio-subvencions.jpg\u00bb custom_padding=\u00bb300px||||false|false\u00bb custom_padding_tablet=\u00bb\u00bb custom_padding_phone=\u00bb150px||||false|false\u00bb custom_padding_last_edited=\u00bbon|phone\u00bb][\/et_pb_fullwidth_header][\/et_pb_section][et_pb_section fb_built=\u00bb1&#8243; _builder_version=\u00bb4.8.1&#8243; custom_margin=\u00bb||0px||false|false\u00bb custom_padding=\u00bb||0px||false|false\u00bb][et_pb_row column_structure=\u00bb1_2,1_2&#8243; make_equal=\u00bbon\u00bb _builder_version=\u00bb4.8.1&#8243; custom_padding=\u00bb||0px||false|false\u00bb][et_pb_column type=\u00bb1_2&#8243; _builder_version=\u00bb4.4.0&#8243; custom_padding=\u00bb||||false|false\u00bb][et_pb_text _builder_version=\u00bb4.8.1&#8243; custom_padding=\u00bb||80px||false|false\u00bb]<\/p>\n<p>Saber encontrar y aprovechar un <strong>apoyo econ\u00f3mico<\/strong>, sea a trav\u00e9s de financiaci\u00f3n o de ayudas, puede ser <strong>decisivo a la hora de hacer viable un proyecto<\/strong>. Por ello, nuestra experiencia realizando este tipo de tr\u00e1mites durante <strong>m\u00e1s de 12 a\u00f1os<\/strong> tiene un valor clave.<\/p>\n<p>Nosotros <strong>acompa\u00f1amos y asesoramos al cliente<\/strong>, desde el momento de la solicitud y durante tota la tramitaci\u00f3n. Tenemos capacidad de respuesta \u00e1gil a las diferentes peticiones de la Administraci\u00f3n y hemos alcanzado con \u00e9xito concesiones en diferentes l\u00edneas que <strong>avalan nuestra eficacia<\/strong>.<\/p>\n<p>Estamos en <strong>contacto permanente con las administraciones p\u00fablicas<\/strong> para hallar y recomendar las ayudas disponibles para maximizar el rendimiento de las inversiones. Y estamos particularmente <strong>especializados en las del Fondo Europeo de la Pesca (FEMP)<\/strong> y el <strong>Fondo Europeo Agrario de Desarrollo Rural (FEADER)<\/strong> con resultados y referencias exitosas demostrables.<\/p>\n<p>Para demostrar que nuestro compromiso es firme, <strong>podemos vincular nuestros honorarios a la obtenci\u00f3n de las ayudas<\/strong>.<\/p>\n<p>[\/et_pb_text][\/et_pb_column][et_pb_column type=\u00bb1_2&#8243; _builder_version=\u00bb4.8.1&#8243; border_width_right=\u00bb10px\u00bb border_color_right=\u00bb#35aebd\u00bb][et_pb_number_counter title=\u00bbtotal importe ayudas FEMP (Fondo Europeo Pesca) acumulado por nuestros clientes\u00bb number=\u00bb+2,726,052&#8243; percent_sign=\u00bboff\u00bb module_class=\u00bbeuro\u00bb _builder_version=\u00bb4.9.2&#8243; _module_preset=\u00bbdefault\u00bb title_font=\u00bb|700|||||||\u00bb title_text_color=\u00bb#35AEBD\u00bb title_font_size=\u00bb30px\u00bb number_font=\u00bb|700|||||||\u00bb number_font_size=\u00bb61px\u00bb text_orientation=\u00bbright\u00bb custom_padding=\u00bb|20px|80px||false|false\u00bb custom_padding_tablet=\u00bb\u00bb custom_padding_phone=\u00bb|||0px|false|false\u00bb custom_padding_last_edited=\u00bbon|phone\u00bb number_font_size_tablet=\u00bb\u00bb number_font_size_phone=\u00bb45px\u00bb number_font_size_last_edited=\u00bbon|phone\u00bb][\/et_pb_number_counter][\/et_pb_column][\/et_pb_row][\/et_pb_section]<\/p>\n","protected":false},"excerpt":{"rendered":"<p>[et_pb_section fb_built=\u00bb1&#8243; fullwidth=\u00bbon\u00bb _builder_version=\u00bb4.4.0&#8243;][et_pb_fullwidth_header title=\u00bbGesti\u00f3n de subvenciones\u00bb logo_image_url=\u00bbhttps:\/\/cenpas.cat\/wp-content\/uploads\/2021\/02\/gestio_subvencions.svg\u00bb _builder_version=\u00bb4.8.1&#8243; background_enable_color=\u00bboff\u00bb use_background_color_gradient=\u00bbon\u00bb background_color_gradient_start=\u00bbrgba(0,0,0,0.14)\u00bb background_color_gradient_end=\u00bbrgba(0,0,0,0.7)\u00bb background_color_gradient_type=\u00bbradial\u00bb background_color_gradient_overlays_image=\u00bbon\u00bb background_image=\u00bbhttps:\/\/cenpas.cat\/wp-content\/uploads\/2021\/02\/gestio-subvencions.jpg\u00bb custom_padding=\u00bb300px||||false|false\u00bb custom_padding_tablet=\u00bb\u00bb custom_padding_phone=\u00bb150px||||false|false\u00bb custom_padding_last_edited=\u00bbon|phone\u00bb][\/et_pb_fullwidth_header][\/et_pb_section][et_pb_section fb_built=\u00bb1&#8243; _builder_version=\u00bb4.8.1&#8243; custom_margin=\u00bb||0px||false|false\u00bb custom_padding=\u00bb||0px||false|false\u00bb][et_pb_row column_structure=\u00bb1_2,1_2&#8243; make_equal=\u00bbon\u00bb _builder_version=\u00bb4.8.1&#8243; custom_padding=\u00bb||0px||false|false\u00bb][et_pb_column type=\u00bb1_2&#8243; _builder_version=\u00bb4.4.0&#8243; custom_padding=\u00bb||||false|false\u00bb][et_pb_text _builder_version=\u00bb4.8.1&#8243; custom_padding=\u00bb||80px||false|false\u00bb] Saber encontrar y aprovechar un apoyo econ\u00f3mico, sea a trav\u00e9s de financiaci\u00f3n o de ayudas, puede ser decisivo a la hora de [&hellip;]<\/p>\n","protected":false},"author":1,"featured_media":0,"parent":0,"menu_order":0,"comment_status":"closed","ping_status":"closed","template":"","meta":{"_et_pb_use_builder":"on","_et_pb_old_content":"","_et_gb_content_width":""},"yoast_head":"<!-- This site is optimized with the Yoast SEO plugin v17.5 - https:\/\/yoast.com\/wordpress\/plugins\/seo\/ -->\n<title>Gesti\u00f3n de subvenciones - Cenpas<\/title>\n<meta name=\"description\" content=\"Acompa\u00f1amos y asesoramos en la gesti\u00f3n de subvenciones, estamos especializados en las del Fondo Europeo de la Pesca (FEMP) y el Fondo Europeo Agrario de Desarrollo Rural (FEADER).\" \/>\n<meta name=\"robots\" content=\"index, follow, max-snippet:-1, max-image-preview:large, max-video-preview:-1\" \/>\n<link rel=\"canonical\" href=\"https:\/\/cenpas.cat\/es\/gestion-de-subvenciones\/\" \/>\n<meta property=\"og:locale\" content=\"es_ES\" \/>\n<meta property=\"og:type\" content=\"article\" \/>\n<meta property=\"og:title\" content=\"Gesti\u00f3n de subvenciones - Cenpas\" \/>\n<meta property=\"og:description\" content=\"Acompa\u00f1amos y asesoramos en la gesti\u00f3n de subvenciones, estamos especializados en las del Fondo Europeo de la Pesca (FEMP) y el Fondo Europeo Agrario de Desarrollo Rural (FEADER).\" \/>\n<meta property=\"og:url\" content=\"https:\/\/cenpas.cat\/es\/gestion-de-subvenciones\/\" \/>\n<meta property=\"og:site_name\" content=\"Cenpas\" \/>\n<meta property=\"article:modified_time\" content=\"2021-04-09T09:58:18+00:00\" \/>\n<meta name=\"twitter:card\" content=\"summary_large_image\" \/>\n<meta name=\"twitter:label1\" content=\"Tiempo de lectura\" \/>\n\t<meta name=\"twitter:data1\" content=\"2 minutos\" \/>\n<script type=\"application\/ld+json\" class=\"yoast-schema-graph\">{\"@context\":\"https:\/\/schema.org\",\"@graph\":[{\"@type\":\"Organization\",\"@id\":\"https:\/\/cenpas.cat\/#organization\",\"name\":\"Cenpas\",\"url\":\"https:\/\/cenpas.cat\/\",\"sameAs\":[\"https:\/\/www.instagram.com\/cenpasslp\/\",\"https:\/\/www.linkedin.com\/company\/cenpa-enginyeria-i-arquitectura\"],\"logo\":{\"@type\":\"ImageObject\",\"@id\":\"https:\/\/cenpas.cat\/#logo\",\"inLanguage\":\"es\",\"url\":\"https:\/\/cenpas.cat\/wp-content\/uploads\/2021\/03\/cenpas_logo_n.png\",\"contentUrl\":\"https:\/\/cenpas.cat\/wp-content\/uploads\/2021\/03\/cenpas_logo_n.png\",\"width\":818,\"height\":267,\"caption\":\"Cenpas\"},\"image\":{\"@id\":\"https:\/\/cenpas.cat\/#logo\"}},{\"@type\":\"WebSite\",\"@id\":\"https:\/\/cenpas.cat\/#website\",\"url\":\"https:\/\/cenpas.cat\/\",\"name\":\"Cenpas\",\"description\":\"Enginyeria\\u2029per a la \\u2029ind\\u00fastria \\u2029aliment\\u00e0ria\",\"publisher\":{\"@id\":\"https:\/\/cenpas.cat\/#organization\"},\"potentialAction\":[{\"@type\":\"SearchAction\",\"target\":{\"@type\":\"EntryPoint\",\"urlTemplate\":\"https:\/\/cenpas.cat\/?s={search_term_string}\"},\"query-input\":\"required name=search_term_string\"}],\"inLanguage\":\"es\"},{\"@type\":\"WebPage\",\"@id\":\"https:\/\/cenpas.cat\/es\/gestion-de-subvenciones\/#webpage\",\"url\":\"https:\/\/cenpas.cat\/es\/gestion-de-subvenciones\/\",\"name\":\"Gesti\\u00f3n de subvenciones - Cenpas\",\"isPartOf\":{\"@id\":\"https:\/\/cenpas.cat\/#website\"},\"datePublished\":\"2021-02-05T14:49:58+00:00\",\"dateModified\":\"2021-04-09T09:58:18+00:00\",\"description\":\"Acompa\\u00f1amos y asesoramos en la gesti\\u00f3n de subvenciones, estamos especializados en las del Fondo Europeo de la Pesca (FEMP) y el Fondo Europeo Agrario de Desarrollo Rural (FEADER).\",\"breadcrumb\":{\"@id\":\"https:\/\/cenpas.cat\/es\/gestion-de-subvenciones\/#breadcrumb\"},\"inLanguage\":\"es\",\"potentialAction\":[{\"@type\":\"ReadAction\",\"target\":[\"https:\/\/cenpas.cat\/es\/gestion-de-subvenciones\/\"]}]},{\"@type\":\"BreadcrumbList\",\"@id\":\"https:\/\/cenpas.cat\/es\/gestion-de-subvenciones\/#breadcrumb\",\"itemListElement\":[{\"@type\":\"ListItem\",\"position\":1,\"name\":\"Inici\",\"item\":\"https:\/\/cenpas.cat\/es\/\"},{\"@type\":\"ListItem\",\"position\":2,\"name\":\"Gesti\\u00f3n de subvenciones\"}]}]}<\/script>\n<!-- \/ Yoast SEO plugin. -->","yoast_head_json":{"title":"Gesti\u00f3n de subvenciones - Cenpas","description":"Acompa\u00f1amos y asesoramos en la gesti\u00f3n de subvenciones, estamos especializados en las del Fondo Europeo de la Pesca (FEMP) y el Fondo Europeo Agrario de Desarrollo Rural (FEADER).","robots":{"index":"index","follow":"follow","max-snippet":"max-snippet:-1","max-image-preview":"max-image-preview:large","max-video-preview":"max-video-preview:-1"},"canonical":"https:\/\/cenpas.cat\/es\/gestion-de-subvenciones\/","og_locale":"es_ES","og_type":"article","og_title":"Gesti\u00f3n de subvenciones - Cenpas","og_description":"Acompa\u00f1amos y asesoramos en la gesti\u00f3n de subvenciones, estamos especializados en las del Fondo Europeo de la Pesca (FEMP) y el Fondo Europeo Agrario de Desarrollo Rural (FEADER).","og_url":"https:\/\/cenpas.cat\/es\/gestion-de-subvenciones\/","og_site_name":"Cenpas","article_modified_time":"2021-04-09T09:58:18+00:00","twitter_card":"summary_large_image","twitter_misc":{"Tiempo de lectura":"2 minutos"},"schema":{"@context":"https:\/\/schema.org","@graph":[{"@type":"Organization","@id":"https:\/\/cenpas.cat\/#organization","name":"Cenpas","url":"https:\/\/cenpas.cat\/","sameAs":["https:\/\/www.instagram.com\/cenpasslp\/","https:\/\/www.linkedin.com\/company\/cenpa-enginyeria-i-arquitectura"],"logo":{"@type":"ImageObject","@id":"https:\/\/cenpas.cat\/#logo","inLanguage":"es","url":"https:\/\/cenpas.cat\/wp-content\/uploads\/2021\/03\/cenpas_logo_n.png","contentUrl":"https:\/\/cenpas.cat\/wp-content\/uploads\/2021\/03\/cenpas_logo_n.png","width":818,"height":267,"caption":"Cenpas"},"image":{"@id":"https:\/\/cenpas.cat\/#logo"}},{"@type":"WebSite","@id":"https:\/\/cenpas.cat\/#website","url":"https:\/\/cenpas.cat\/","name":"Cenpas","description":"Enginyeria\u2029per a la \u2029ind\u00fastria \u2029aliment\u00e0ria","publisher":{"@id":"https:\/\/cenpas.cat\/#organization"},"potentialAction":[{"@type":"SearchAction","target":{"@type":"EntryPoint","urlTemplate":"https:\/\/cenpas.cat\/?s={search_term_string}"},"query-input":"required name=search_term_string"}],"inLanguage":"es"},{"@type":"WebPage","@id":"https:\/\/cenpas.cat\/es\/gestion-de-subvenciones\/#webpage","url":"https:\/\/cenpas.cat\/es\/gestion-de-subvenciones\/","name":"Gesti\u00f3n de subvenciones - Cenpas","isPartOf":{"@id":"https:\/\/cenpas.cat\/#website"},"datePublished":"2021-02-05T14:49:58+00:00","dateModified":"2021-04-09T09:58:18+00:00","description":"Acompa\u00f1amos y asesoramos en la gesti\u00f3n de subvenciones, estamos especializados en las del Fondo Europeo de la Pesca (FEMP) y el Fondo Europeo Agrario de Desarrollo Rural (FEADER).","breadcrumb":{"@id":"https:\/\/cenpas.cat\/es\/gestion-de-subvenciones\/#breadcrumb"},"inLanguage":"es","potentialAction":[{"@type":"ReadAction","target":["https:\/\/cenpas.cat\/es\/gestion-de-subvenciones\/"]}]},{"@type":"BreadcrumbList","@id":"https:\/\/cenpas.cat\/es\/gestion-de-subvenciones\/#breadcrumb","itemListElement":[{"@type":"ListItem","position":1,"name":"Inici","item":"https:\/\/cenpas.cat\/es\/"},{"@type":"ListItem","position":2,"name":"Gesti\u00f3n de subvenciones"}]}]}},"_links":{"self":[{"href":"https:\/\/cenpas.cat\/es\/wp-json\/wp\/v2\/pages\/771"}],"collection":[{"href":"https:\/\/cenpas.cat\/es\/wp-json\/wp\/v2\/pages"}],"about":[{"href":"https:\/\/cenpas.cat\/es\/wp-json\/wp\/v2\/types\/page"}],"author":[{"embeddable":true,"href":"https:\/\/cenpas.cat\/es\/wp-json\/wp\/v2\/users\/1"}],"replies":[{"embeddable":true,"href":"https:\/\/cenpas.cat\/es\/wp-json\/wp\/v2\/comments?post=771"}],"version-history":[{"count":6,"href":"https:\/\/cenpas.cat\/es\/wp-json\/wp\/v2\/pages\/771\/revisions"}],"predecessor-version":[{"id":1444,"href":"https:\/\/cenpas.cat\/es\/wp-json\/wp\/v2\/pages\/771\/revisions\/1444"}],"wp:attachment":[{"href":"https:\/\/cenpas.cat\/es\/wp-json\/wp\/v2\/media?parent=771"}],"curies":[{"name":"wp","href":"https:\/\/api.w.org\/{rel}","templated":true}]}}