{"id":777,"date":"2021-02-05T16:57:59","date_gmt":"2021-02-05T14:57:59","guid":{"rendered":"https:\/\/cenpas.cat\/que-hem-fet\/"},"modified":"2021-04-09T11:59:30","modified_gmt":"2021-04-09T09:59:30","slug":"que-hemos-hecho","status":"publish","type":"page","link":"https:\/\/cenpas.cat\/es\/que-hemos-hecho\/","title":{"rendered":"Qu\u00e9 hemos hecho"},"content":{"rendered":"<p>[et_pb_section fb_built=\u00bb1&#8243; fullwidth=\u00bbon\u00bb _builder_version=\u00bb4.4.0&#8243;][et_pb_fullwidth_header title=\u00bbQu\u00e9 hemos hecho\u00bb logo_image_url=\u00bbhttps:\/\/cenpas.cat\/wp-content\/uploads\/2021\/02\/que_hem_fet.svg\u00bb _builder_version=\u00bb4.8.1&#8243; background_enable_color=\u00bboff\u00bb use_background_color_gradient=\u00bbon\u00bb background_color_gradient_start=\u00bbrgba(0,0,0,0.14)\u00bb background_color_gradient_end=\u00bbrgba(0,0,0,0.7)\u00bb background_color_gradient_type=\u00bbradial\u00bb background_color_gradient_overlays_image=\u00bbon\u00bb background_image=\u00bbhttps:\/\/cenpas.cat\/wp-content\/uploads\/2021\/02\/que-hem-fet.jpg\u00bb custom_padding=\u00bb300px||||false|false\u00bb custom_padding_tablet=\u00bb\u00bb custom_padding_phone=\u00bb150px||||false|false\u00bb custom_padding_last_edited=\u00bbon|phone\u00bb][\/et_pb_fullwidth_header][\/et_pb_section][et_pb_section fb_built=\u00bb1&#8243; _builder_version=\u00bb4.8.1&#8243; custom_margin=\u00bb||0px||false|false\u00bb custom_padding=\u00bb||0px||false|false\u00bb][et_pb_row column_structure=\u00bb1_2,1_4,1_4&#8243; make_equal=\u00bbon\u00bb _builder_version=\u00bb4.8.1&#8243; custom_padding=\u00bb||0px||false|false\u00bb][et_pb_column type=\u00bb1_2&#8243; _builder_version=\u00bb4.4.0&#8243; custom_padding=\u00bb||||false|false\u00bb][et_pb_text _builder_version=\u00bb4.8.1&#8243; custom_padding=\u00bb||80px||false|false\u00bb]<\/p>\n<p>Para nosotros <strong>todos los proyectos son destacados<\/strong>, todos son un reto de superaci\u00f3n, por eso los afrontamos con la misma actitud y entrega. Aqu\u00ed ten\u00e9is una muestra de algunos de ellos, pero hemos realizado muchos m\u00e1s. Y todos, <strong>relevantes para nosotros<\/strong>.<\/p>\n<p>[\/et_pb_text][\/et_pb_column][et_pb_column type=\u00bb1_4&#8243; _builder_version=\u00bb4.8.1&#8243; border_width_right=\u00bb10px\u00bb border_color_right=\u00bb#35aebd\u00bb][et_pb_number_counter title=\u00bba\u00f1os de experiencia\u00bb number=\u00bb+12&#8243; percent_sign=\u00bboff\u00bb module_class=\u00bbprojectes_anys\u00bb _builder_version=\u00bb4.9.2&#8243; _module_preset=\u00bbdefault\u00bb title_font=\u00bb|700|||||||\u00bb title_text_color=\u00bb#35AEBD\u00bb title_font_size=\u00bb30px\u00bb number_font=\u00bb|700|||||||\u00bb number_font_size=\u00bb61px\u00bb text_orientation=\u00bbright\u00bb custom_padding=\u00bb|20px|80px||false|false\u00bb][\/et_pb_number_counter][\/et_pb_column][et_pb_column type=\u00bb1_4&#8243; _builder_version=\u00bb4.8.1&#8243; custom_css_main_element=\u00bbalign-self: flex-end;\u00bb border_width_right=\u00bb10px\u00bb border_color_right=\u00bb#35aebd\u00bb][et_pb_number_counter title=\u00bbproyectos acabados con \u00e9xito\u00bb number=\u00bb338&#8243; percent_sign=\u00bboff\u00bb module_class=\u00bbprojectes_acabats\u00bb _builder_version=\u00bb4.9.2&#8243; _module_preset=\u00bbdefault\u00bb title_font=\u00bb|700|||||||\u00bb title_text_color=\u00bb#35AEBD\u00bb title_font_size=\u00bb30px\u00bb number_font=\u00bb|700|||||||\u00bb number_font_size=\u00bb61px\u00bb text_orientation=\u00bbright\u00bb custom_padding=\u00bb|20px|80px||false|false\u00bb][\/et_pb_number_counter][\/et_pb_column][\/et_pb_row][\/et_pb_section][et_pb_section fb_built=\u00bb1&#8243; _builder_version=\u00bb4.8.1&#8243; _module_preset=\u00bbdefault\u00bb background_color=\u00bb#ECECEC\u00bb custom_padding=\u00bb0px||0px||false|false\u00bb global_module=\u00bb1231&#8243; saved_tabs=\u00bball\u00bb][et_pb_row column_structure=\u00bb1_2,1_2&#8243; _builder_version=\u00bb4.8.1&#8243; _module_preset=\u00bbdefault\u00bb custom_padding=\u00bb0px||0px||false|false\u00bb][et_pb_column type=\u00bb1_2&#8243; _builder_version=\u00bb4.8.1&#8243; _module_preset=\u00bbdefault\u00bb custom_padding=\u00bb||80px||false|false\u00bb][et_pb_blurb title=\u00bbAMSPEC\u00bb image=\u00bbhttps:\/\/cenpas.cat\/wp-content\/uploads\/2021\/03\/amspec.jpg\u00bb icon_alignment=\u00bbleft\u00bb module_class=\u00bbprojecte\u00bb _builder_version=\u00bb4.8.1&#8243; _module_preset=\u00bbdefault\u00bb header_font=\u00bb|700|||||||\u00bb header_font_size=\u00bb20px\u00bb body_text_color=\u00bb#35AEBD\u00bb custom_margin=\u00bb||||false|false\u00bb custom_padding=\u00bb||||false|false\u00bb]<\/p>\n<p>2020-2021<\/p>\n<p>[\/et_pb_blurb][\/et_pb_column][et_pb_column type=\u00bb1_2&#8243; _builder_version=\u00bb4.8.1&#8243; _module_preset=\u00bbdefault\u00bb custom_padding=\u00bb||80px||false|false\u00bb][et_pb_blurb title=\u00bbMAR FISH\u00bb image=\u00bbhttps:\/\/cenpas.cat\/wp-content\/uploads\/2021\/03\/mar-fish.jpg\u00bb icon_alignment=\u00bbleft\u00bb module_class=\u00bbprojecte\u00bb _builder_version=\u00bb4.8.1&#8243; _module_preset=\u00bbdefault\u00bb header_font=\u00bb|700|||||||\u00bb header_font_size=\u00bb20px\u00bb body_text_color=\u00bb#35AEBD\u00bb custom_margin=\u00bb||||false|false\u00bb custom_padding=\u00bb||||false|false\u00bb]<\/p>\n<p>2020<\/p>\n<p>[\/et_pb_blurb][\/et_pb_column][\/et_pb_row][et_pb_row column_structure=\u00bb1_2,1_2&#8243; _builder_version=\u00bb4.8.1&#8243; _module_preset=\u00bbdefault\u00bb custom_padding=\u00bb0px||0px||false|false\u00bb][et_pb_column type=\u00bb1_2&#8243; _builder_version=\u00bb4.8.1&#8243; _module_preset=\u00bbdefault\u00bb custom_padding=\u00bb||80px||false|false\u00bb][et_pb_blurb title=\u00bbMB COLD\u00bb image=\u00bbhttps:\/\/cenpas.cat\/wp-content\/uploads\/2021\/03\/mb-cold.jpg\u00bb icon_alignment=\u00bbleft\u00bb module_class=\u00bbprojecte\u00bb _builder_version=\u00bb4.8.1&#8243; _module_preset=\u00bbdefault\u00bb header_font=\u00bb|700|||||||\u00bb header_font_size=\u00bb20px\u00bb body_text_color=\u00bb#35AEBD\u00bb]<\/p>\n<p>2019<\/p>\n<p>[\/et_pb_blurb][\/et_pb_column][et_pb_column type=\u00bb1_2&#8243; _builder_version=\u00bb4.8.1&#8243; _module_preset=\u00bbdefault\u00bb custom_padding=\u00bb||80px||false|false\u00bb][et_pb_blurb title=\u00bbLOGI PROX\u00bb image=\u00bbhttps:\/\/cenpas.cat\/wp-content\/uploads\/2021\/03\/logiprox.jpg\u00bb icon_alignment=\u00bbleft\u00bb module_class=\u00bbprojecte\u00bb _builder_version=\u00bb4.8.1&#8243; _module_preset=\u00bbdefault\u00bb header_font=\u00bb|700|||||||\u00bb header_font_size=\u00bb20px\u00bb body_text_color=\u00bb#35AEBD\u00bb]<\/p>\n<p>2018-2019<\/p>\n<p>[\/et_pb_blurb][\/et_pb_column][\/et_pb_row][et_pb_row column_structure=\u00bb1_2,1_2&#8243; _builder_version=\u00bb4.8.1&#8243; _module_preset=\u00bbdefault\u00bb custom_padding=\u00bb0px||0px||false|false\u00bb][et_pb_column type=\u00bb1_2&#8243; _builder_version=\u00bb4.8.1&#8243; _module_preset=\u00bbdefault\u00bb custom_padding=\u00bb||80px||false|false\u00bb][et_pb_blurb title=\u00bbIMCATEX\u00bb image=\u00bbhttps:\/\/cenpas.cat\/wp-content\/uploads\/2021\/03\/imcatex-2.jpg\u00bb icon_alignment=\u00bbleft\u00bb module_class=\u00bbprojecte\u00bb _builder_version=\u00bb4.8.1&#8243; _module_preset=\u00bbdefault\u00bb header_font=\u00bb|700|||||||\u00bb header_font_size=\u00bb20px\u00bb body_text_color=\u00bb#35AEBD\u00bb custom_margin=\u00bb||||false|false\u00bb custom_padding=\u00bb||||false|false\u00bb]<\/p>\n<p>2018<\/p>\n<p>[\/et_pb_blurb][\/et_pb_column][et_pb_column type=\u00bb1_2&#8243; _builder_version=\u00bb4.8.1&#8243; _module_preset=\u00bbdefault\u00bb custom_padding=\u00bb||80px||false|false\u00bb][et_pb_blurb title=\u00bbGRUP GIR\u00d3 SOLER\u00bb image=\u00bbhttps:\/\/cenpas.cat\/wp-content\/uploads\/2021\/03\/grup-giro-soler.jpg\u00bb icon_alignment=\u00bbleft\u00bb module_class=\u00bbprojecte\u00bb _builder_version=\u00bb4.8.1&#8243; _module_preset=\u00bbdefault\u00bb header_font=\u00bb|700|||||||\u00bb header_font_size=\u00bb20px\u00bb body_text_color=\u00bb#35AEBD\u00bb]<\/p>\n<p>2016<\/p>\n<p>[\/et_pb_blurb][\/et_pb_column][\/et_pb_row][\/et_pb_section]<\/p>\n","protected":false},"excerpt":{"rendered":"<p>[et_pb_section fb_built=\u00bb1&#8243; fullwidth=\u00bbon\u00bb _builder_version=\u00bb4.4.0&#8243;][et_pb_fullwidth_header title=\u00bbQu\u00e9 hemos hecho\u00bb logo_image_url=\u00bbhttps:\/\/cenpas.cat\/wp-content\/uploads\/2021\/02\/que_hem_fet.svg\u00bb _builder_version=\u00bb4.8.1&#8243; background_enable_color=\u00bboff\u00bb use_background_color_gradient=\u00bbon\u00bb background_color_gradient_start=\u00bbrgba(0,0,0,0.14)\u00bb background_color_gradient_end=\u00bbrgba(0,0,0,0.7)\u00bb background_color_gradient_type=\u00bbradial\u00bb background_color_gradient_overlays_image=\u00bbon\u00bb background_image=\u00bbhttps:\/\/cenpas.cat\/wp-content\/uploads\/2021\/02\/que-hem-fet.jpg\u00bb custom_padding=\u00bb300px||||false|false\u00bb custom_padding_tablet=\u00bb\u00bb custom_padding_phone=\u00bb150px||||false|false\u00bb custom_padding_last_edited=\u00bbon|phone\u00bb][\/et_pb_fullwidth_header][\/et_pb_section][et_pb_section fb_built=\u00bb1&#8243; _builder_version=\u00bb4.8.1&#8243; custom_margin=\u00bb||0px||false|false\u00bb custom_padding=\u00bb||0px||false|false\u00bb][et_pb_row column_structure=\u00bb1_2,1_4,1_4&#8243; make_equal=\u00bbon\u00bb _builder_version=\u00bb4.8.1&#8243; custom_padding=\u00bb||0px||false|false\u00bb][et_pb_column type=\u00bb1_2&#8243; _builder_version=\u00bb4.4.0&#8243; custom_padding=\u00bb||||false|false\u00bb][et_pb_text _builder_version=\u00bb4.8.1&#8243; custom_padding=\u00bb||80px||false|false\u00bb] Para nosotros todos los proyectos son destacados, todos son un reto de superaci\u00f3n, por eso los afrontamos con la misma actitud y [&hellip;]<\/p>\n","protected":false},"author":1,"featured_media":0,"parent":0,"menu_order":0,"comment_status":"closed","ping_status":"closed","template":"","meta":{"_et_pb_use_builder":"on","_et_pb_old_content":"","_et_gb_content_width":""},"yoast_head":"<!-- This site is optimized with the Yoast SEO plugin v17.5 - https:\/\/yoast.com\/wordpress\/plugins\/seo\/ -->\n<title>Qu\u00e9 hemos hecho - Cenpas<\/title>\n<meta name=\"description\" content=\"Afrontamos con entrega y esp\u00edritu de superaci\u00f3n todos los proyectos. Entre los 338 realizados durante m\u00e1s de 12 a\u00f1os, est\u00e1n: AMSPEC, MAR FISH, MB COLD, LOGI PROX, GRUP GIR\u00d3 SOLER.\" \/>\n<meta name=\"robots\" content=\"index, follow, max-snippet:-1, max-image-preview:large, max-video-preview:-1\" \/>\n<link rel=\"canonical\" href=\"https:\/\/cenpas.cat\/es\/que-hemos-hecho\/\" \/>\n<meta property=\"og:locale\" content=\"es_ES\" \/>\n<meta property=\"og:type\" content=\"article\" \/>\n<meta property=\"og:title\" content=\"Qu\u00e9 hemos hecho - Cenpas\" \/>\n<meta property=\"og:description\" content=\"Afrontamos con entrega y esp\u00edritu de superaci\u00f3n todos los proyectos. Entre los 338 realizados durante m\u00e1s de 12 a\u00f1os, est\u00e1n: AMSPEC, MAR FISH, MB COLD, LOGI PROX, GRUP GIR\u00d3 SOLER.\" \/>\n<meta property=\"og:url\" content=\"https:\/\/cenpas.cat\/es\/que-hemos-hecho\/\" \/>\n<meta property=\"og:site_name\" content=\"Cenpas\" \/>\n<meta property=\"article:modified_time\" content=\"2021-04-09T09:59:30+00:00\" \/>\n<meta name=\"twitter:card\" content=\"summary_large_image\" \/>\n<meta name=\"twitter:label1\" content=\"Tiempo de lectura\" \/>\n\t<meta name=\"twitter:data1\" content=\"4 minutos\" \/>\n<script type=\"application\/ld+json\" class=\"yoast-schema-graph\">{\"@context\":\"https:\/\/schema.org\",\"@graph\":[{\"@type\":\"Organization\",\"@id\":\"https:\/\/cenpas.cat\/#organization\",\"name\":\"Cenpas\",\"url\":\"https:\/\/cenpas.cat\/\",\"sameAs\":[\"https:\/\/www.instagram.com\/cenpasslp\/\",\"https:\/\/www.linkedin.com\/company\/cenpa-enginyeria-i-arquitectura\"],\"logo\":{\"@type\":\"ImageObject\",\"@id\":\"https:\/\/cenpas.cat\/#logo\",\"inLanguage\":\"es\",\"url\":\"https:\/\/cenpas.cat\/wp-content\/uploads\/2021\/03\/cenpas_logo_n.png\",\"contentUrl\":\"https:\/\/cenpas.cat\/wp-content\/uploads\/2021\/03\/cenpas_logo_n.png\",\"width\":818,\"height\":267,\"caption\":\"Cenpas\"},\"image\":{\"@id\":\"https:\/\/cenpas.cat\/#logo\"}},{\"@type\":\"WebSite\",\"@id\":\"https:\/\/cenpas.cat\/#website\",\"url\":\"https:\/\/cenpas.cat\/\",\"name\":\"Cenpas\",\"description\":\"Enginyeria\\u2029per a la \\u2029ind\\u00fastria \\u2029aliment\\u00e0ria\",\"publisher\":{\"@id\":\"https:\/\/cenpas.cat\/#organization\"},\"potentialAction\":[{\"@type\":\"SearchAction\",\"target\":{\"@type\":\"EntryPoint\",\"urlTemplate\":\"https:\/\/cenpas.cat\/?s={search_term_string}\"},\"query-input\":\"required name=search_term_string\"}],\"inLanguage\":\"es\"},{\"@type\":\"WebPage\",\"@id\":\"https:\/\/cenpas.cat\/es\/que-hemos-hecho\/#webpage\",\"url\":\"https:\/\/cenpas.cat\/es\/que-hemos-hecho\/\",\"name\":\"Qu\\u00e9 hemos hecho - Cenpas\",\"isPartOf\":{\"@id\":\"https:\/\/cenpas.cat\/#website\"},\"datePublished\":\"2021-02-05T14:57:59+00:00\",\"dateModified\":\"2021-04-09T09:59:30+00:00\",\"description\":\"Afrontamos con entrega y esp\\u00edritu de superaci\\u00f3n todos los proyectos. Entre los 338 realizados durante m\\u00e1s de 12 a\\u00f1os, est\\u00e1n: AMSPEC, MAR FISH, MB COLD, LOGI PROX, GRUP GIR\\u00d3 SOLER.\",\"breadcrumb\":{\"@id\":\"https:\/\/cenpas.cat\/es\/que-hemos-hecho\/#breadcrumb\"},\"inLanguage\":\"es\",\"potentialAction\":[{\"@type\":\"ReadAction\",\"target\":[\"https:\/\/cenpas.cat\/es\/que-hemos-hecho\/\"]}]},{\"@type\":\"BreadcrumbList\",\"@id\":\"https:\/\/cenpas.cat\/es\/que-hemos-hecho\/#breadcrumb\",\"itemListElement\":[{\"@type\":\"ListItem\",\"position\":1,\"name\":\"Inici\",\"item\":\"https:\/\/cenpas.cat\/es\/\"},{\"@type\":\"ListItem\",\"position\":2,\"name\":\"Qu\\u00e9 hemos hecho\"}]}]}<\/script>\n<!-- \/ Yoast SEO plugin. -->","yoast_head_json":{"title":"Qu\u00e9 hemos hecho - Cenpas","description":"Afrontamos con entrega y esp\u00edritu de superaci\u00f3n todos los proyectos. Entre los 338 realizados durante m\u00e1s de 12 a\u00f1os, est\u00e1n: AMSPEC, MAR FISH, MB COLD, LOGI PROX, GRUP GIR\u00d3 SOLER.","robots":{"index":"index","follow":"follow","max-snippet":"max-snippet:-1","max-image-preview":"max-image-preview:large","max-video-preview":"max-video-preview:-1"},"canonical":"https:\/\/cenpas.cat\/es\/que-hemos-hecho\/","og_locale":"es_ES","og_type":"article","og_title":"Qu\u00e9 hemos hecho - Cenpas","og_description":"Afrontamos con entrega y esp\u00edritu de superaci\u00f3n todos los proyectos. Entre los 338 realizados durante m\u00e1s de 12 a\u00f1os, est\u00e1n: AMSPEC, MAR FISH, MB COLD, LOGI PROX, GRUP GIR\u00d3 SOLER.","og_url":"https:\/\/cenpas.cat\/es\/que-hemos-hecho\/","og_site_name":"Cenpas","article_modified_time":"2021-04-09T09:59:30+00:00","twitter_card":"summary_large_image","twitter_misc":{"Tiempo de lectura":"4 minutos"},"schema":{"@context":"https:\/\/schema.org","@graph":[{"@type":"Organization","@id":"https:\/\/cenpas.cat\/#organization","name":"Cenpas","url":"https:\/\/cenpas.cat\/","sameAs":["https:\/\/www.instagram.com\/cenpasslp\/","https:\/\/www.linkedin.com\/company\/cenpa-enginyeria-i-arquitectura"],"logo":{"@type":"ImageObject","@id":"https:\/\/cenpas.cat\/#logo","inLanguage":"es","url":"https:\/\/cenpas.cat\/wp-content\/uploads\/2021\/03\/cenpas_logo_n.png","contentUrl":"https:\/\/cenpas.cat\/wp-content\/uploads\/2021\/03\/cenpas_logo_n.png","width":818,"height":267,"caption":"Cenpas"},"image":{"@id":"https:\/\/cenpas.cat\/#logo"}},{"@type":"WebSite","@id":"https:\/\/cenpas.cat\/#website","url":"https:\/\/cenpas.cat\/","name":"Cenpas","description":"Enginyeria\u2029per a la \u2029ind\u00fastria \u2029aliment\u00e0ria","publisher":{"@id":"https:\/\/cenpas.cat\/#organization"},"potentialAction":[{"@type":"SearchAction","target":{"@type":"EntryPoint","urlTemplate":"https:\/\/cenpas.cat\/?s={search_term_string}"},"query-input":"required name=search_term_string"}],"inLanguage":"es"},{"@type":"WebPage","@id":"https:\/\/cenpas.cat\/es\/que-hemos-hecho\/#webpage","url":"https:\/\/cenpas.cat\/es\/que-hemos-hecho\/","name":"Qu\u00e9 hemos hecho - Cenpas","isPartOf":{"@id":"https:\/\/cenpas.cat\/#website"},"datePublished":"2021-02-05T14:57:59+00:00","dateModified":"2021-04-09T09:59:30+00:00","description":"Afrontamos con entrega y esp\u00edritu de superaci\u00f3n todos los proyectos. Entre los 338 realizados durante m\u00e1s de 12 a\u00f1os, est\u00e1n: AMSPEC, MAR FISH, MB COLD, LOGI PROX, GRUP GIR\u00d3 SOLER.","breadcrumb":{"@id":"https:\/\/cenpas.cat\/es\/que-hemos-hecho\/#breadcrumb"},"inLanguage":"es","potentialAction":[{"@type":"ReadAction","target":["https:\/\/cenpas.cat\/es\/que-hemos-hecho\/"]}]},{"@type":"BreadcrumbList","@id":"https:\/\/cenpas.cat\/es\/que-hemos-hecho\/#breadcrumb","itemListElement":[{"@type":"ListItem","position":1,"name":"Inici","item":"https:\/\/cenpas.cat\/es\/"},{"@type":"ListItem","position":2,"name":"Qu\u00e9 hemos hecho"}]}]}},"_links":{"self":[{"href":"https:\/\/cenpas.cat\/es\/wp-json\/wp\/v2\/pages\/777"}],"collection":[{"href":"https:\/\/cenpas.cat\/es\/wp-json\/wp\/v2\/pages"}],"about":[{"href":"https:\/\/cenpas.cat\/es\/wp-json\/wp\/v2\/types\/page"}],"author":[{"embeddable":true,"href":"https:\/\/cenpas.cat\/es\/wp-json\/wp\/v2\/users\/1"}],"replies":[{"embeddable":true,"href":"https:\/\/cenpas.cat\/es\/wp-json\/wp\/v2\/comments?post=777"}],"version-history":[{"count":8,"href":"https:\/\/cenpas.cat\/es\/wp-json\/wp\/v2\/pages\/777\/revisions"}],"predecessor-version":[{"id":1447,"href":"https:\/\/cenpas.cat\/es\/wp-json\/wp\/v2\/pages\/777\/revisions\/1447"}],"wp:attachment":[{"href":"https:\/\/cenpas.cat\/es\/wp-json\/wp\/v2\/media?parent=777"}],"curies":[{"name":"wp","href":"https:\/\/api.w.org\/{rel}","templated":true}]}}