{"id":798,"date":"2021-01-25T15:50:40","date_gmt":"2021-01-25T13:50:40","guid":{"rendered":"https:\/\/cenpas.cat\/avis-legal\/"},"modified":"2021-03-16T13:22:03","modified_gmt":"2021-03-16T11:22:03","slug":"aviso-legal","status":"publish","type":"page","link":"https:\/\/cenpas.cat\/es\/aviso-legal\/","title":{"rendered":"Aviso legal"},"content":{"rendered":"<p>[et_pb_section fb_built=\u00bb1&#8243; fullwidth=\u00bbon\u00bb _builder_version=\u00bb4.4.0&#8243;][et_pb_fullwidth_header title=\u00bbAviso legal\u00bb _builder_version=\u00bb4.8.1&#8243; background_color=\u00bb#abb4b5&#8243; background_enable_image=\u00bboff\u00bb custom_padding=\u00bb300px||||false|false\u00bb custom_padding_tablet=\u00bb150px||||false|false\u00bb custom_padding_phone=\u00bb150px||||false|false\u00bb custom_padding_last_edited=\u00bbon|phone\u00bb hover_enabled=\u00bb0&#8243; sticky_enabled=\u00bb0&#8243;][\/et_pb_fullwidth_header][\/et_pb_section][et_pb_section fb_built=\u00bb1&#8243; _builder_version=\u00bb3.22&#8243;][et_pb_row _builder_version=\u00bb3.25&#8243; background_size=\u00bbinitial\u00bb background_position=\u00bbtop_left\u00bb background_repeat=\u00bbrepeat\u00bb][et_pb_column type=\u00bb4_4&#8243; _builder_version=\u00bb3.25&#8243; custom_padding=\u00bb|||\u00bb custom_padding__hover=\u00bb|||\u00bb][et_pb_text _builder_version=\u00bb4.8.1&#8243; background_size=\u00bbinitial\u00bb background_position=\u00bbtop_left\u00bb background_repeat=\u00bbrepeat\u00bb]<\/p>\n<p>Las presentes condiciones regulan el uso y contenido del servicio del Portal de Internet (en adelante, Portal o P\u00e1gina web o Web) que CENPAS, pone a disposici\u00f3n de los usuarios de Internet.<\/p>\n<h2>DATOS GENERALES<\/h2>\n<p>De conformidad con el art\u00edculo 10 de la Ley 34\/2002, de 11 de julio, de Servicios de la Sociedad de la Informaci\u00f3n y de Comercio Electr\u00f3nico, ponemos a su disposici\u00f3n los datos relativos al titular de la p\u00e1gina web que est\u00e1 visitando.<\/p>\n<p>CENPAS enginyeria i arquitectura, SLP es la titular de la p\u00e1gina web accesible desde el dominio\u00a0<a href=\"http:\/\/www.cenpas.cat\">www.cenpas.cat<\/a>. Cenpas est\u00e1 domiciliada en calle Cartagena, 245, 6\u00ba 5\u00aa 08025 Barcelona con CIF B64815608. Inscrita en el Registro Mercantil de Barcelona, Tomo 40407,\u00a0 Folio 153, Hoja B367268, Inscripci\u00f3n 6. Nuestros datos de contacto son correo\u00a0<a href=\"mailto:info@cenpas.cat\">info@cenpas.cat<\/a> o tel\u00e9fono +34 93 246 67 74.<\/p>\n<p>En esta p\u00e1gina web, se encuentran una serie de contenidos que con car\u00e1cter informativo se presentan para mostrar la actividad que nuestro grupo empresarial y de los servicios que ofrecemos. El principal objetivo de este Portal, es facilitar a cualquier usuario, y especialmente a los clientes informaci\u00f3n relativa a nuestras actividades y permitir el contacto de estos agentes externos con la misma.<\/p>\n<p>En esta p\u00e1gina web podr\u00e1 encontrar elementos sometidos a protecci\u00f3n por la normativa de propiedad intelectual y el derecho de marcas. Por favor consulte el contenido relativo a este punto en nuestras condiciones.<\/p>\n<p>Nuestra p\u00e1gina web, dispone de un apartado de Contacto, donde puede identificar nuestros datos de contacto y el directorio de empresas que integran nuestro grupo. Por favor cons\u00faltelo en caso de querer ponerse en contacto con nosotros.<\/p>\n<h2>POL\u00cdTICA DE PRIVACIDAD<\/h2>\n<p>En cumplimiento de lo dispuesto en el Reglamento UE 2016\/679, de 27 de abril relativo a la protecci\u00f3n de las personas f\u00edsicas en lo que respecta al tratamiento de datos personales y a la libre circulaci\u00f3n de estos datos y por el que se deroga la Directiva 95\/46\/CE (Reglamento general de protecci\u00f3n de datos) as\u00ed como la normativa de privacidad vigente en cada momento, se informa al usuario que todos los datos personales que pueden ser tratados a trav\u00e9s de la presente p\u00e1gina web as\u00ed como elementos incorporados a la misma \u2013cookies o redes sociales-, son tratados conforme a las disposiciones establecidas en la citada normativa.<\/p>\n<p>Siempre se va a respetar la confidencialidad de sus datos personales que s\u00f3lo ser\u00e1n utilizados con la finalidad de gestionar las solicitudes que pudiera hacernos y ofrecerle los servicios web informativos, as\u00ed como remitir informaci\u00f3n t\u00e9cnica, comercial o publicitaria por v\u00eda ordinaria o electr\u00f3nica, cuando sea solicitada.<\/p>\n<p>CENPAS ha establecido una pol\u00edtica de privacidad junto con unas pol\u00edticas asociadas a la normativa de referencia, que est\u00e1 disponible en esta p\u00e1gina web. Por favor consulte estas pol\u00edticas para obtener mayor informaci\u00f3n. Si lo desea puede ponerse en contacto con nosotros en el siguiente correo electr\u00f3nico, donde resolveremos sus dudas respecto a pol\u00edtica de datos personales.\u00a0info@cenpas.cat<\/p>\n<h2>CONDICIONES DE USO<\/h2>\n<p>El acceso a esta p\u00e1gina web es gratuito. La utilizaci\u00f3n del Portal atribuye por defecto la condici\u00f3n de Usuario del mismo (en adelante, Usuario) e implica la aceptaci\u00f3n de todas las condiciones, sin reserva alguna por su parte, incluidas en este Aviso Legal, de aquellas otras contenidas en nuestra Pol\u00edtica de Privacidad y Pol\u00edtica de Cookies, y las que puedan derivarse de la normativa vigente y que no se contemplan expresamente en el presente aviso.<\/p>\n<p>Las condiciones de acceso y uso del presente sitio web se rigen por la legalidad vigente y por el principio de buena fe comprometi\u00e9ndose el usuario a realizar un buen uso de la web. No se permiten conductas que vayan contra la ley, los derechos o intereses de terceros.<\/p>\n<p>Ser usuario de la web de Cenpas implica que reconoce haber le\u00eddo y aceptado las presentes condiciones y lo que las extienda la normativa legal aplicable en esta materia. Si por el motivo que fuere no est\u00e1 de acuerdo con estas condiciones no contin\u00fae usando esta web. Cualquier tipo de notificaci\u00f3n y\/o reclamaci\u00f3n solamente ser\u00e1 v\u00e1lida por notificaci\u00f3n escrita y\/o correo certificado.<\/p>\n<p>Las condiciones que rigen los diferentes servicios disponibles en esta web est\u00e1n sujetas, entre otras, a la siguiente normativa, en la parte que resulte de aplicaci\u00f3n: Ley 34\/2002, de 11 de julio, de Servicios de la Sociedad de la Informaci\u00f3n y Comercio Electr\u00f3nico; Reglamento UE 2016\/679, de 27 de abril relativo a la protecci\u00f3n de las personas f\u00edsicas en lo que respecta al tratamiento de datos personales y a la libre circulaci\u00f3n de estos datos y por el que se deroga la Directiva 95\/46\/CE (Reglamento general de protecci\u00f3n de datos) as\u00ed como la normativa de privacidad vigente en cada momento, Real Decreto Ley 1\/2007, de 16 de Noviembre, que aprueba el Texto Refundido de la Ley General para la Defensa de Consumidores y Usuarios y otras Leyes complementaria; como la normativa de propiedad intelectual o normativa del derecho de marcas.<\/p>\n<h2>Redes sociales<\/h2>\n<p>CENPAS se encuentra presente en redes sociales a las que puede acceder desde nuestra p\u00e1gina web. Twitter\u00ae, LinkedIn\u00ae, Pinterest\u00ae y Google+\u00ae. Cuando un usuario accede a las mismas, sale de nuestra plataforma y pasa a estar sometido a las condiciones establecidas por el prestador de la red social. Por favor, lea detenidamente las condiciones establecidas antes de aceptar el acceso y uso de las redes.<\/p>\n<p>Cuando un usuario introduzca informaci\u00f3n o elementos en las redes sociales, implicando a nuestros perfiles corporativos, y esta informaci\u00f3n sea contraria a la pol\u00edtica de nuestra empresa, o sea contraria a la legislaci\u00f3n nacional o internacional, derechos de terceros o la moral y el orden p\u00fablico, se proceder\u00e1 a su retirada de manera inmediata. Cenpas no se hace responsable de la informaci\u00f3n y contenidos almacenados en foros, redes sociales o cualesquiera otros medios que permita a terceros publicar contenidos de forma independiente en la p\u00e1gina web del prestador.<\/p>\n<h2>RESPONSABILIDADES<\/h2>\n<p>Los contenidos de esta p\u00e1gina son de car\u00e1cter general, con la finalidad de informar de las distintas actividades y servicios que ofrecemos desde CENPAS. CENPAS no se responsabiliza de las decisiones tomadas a partir de la informaci\u00f3n suministrada en el Portal ni de los da\u00f1os y perjuicios producidos en el Usuario o terceros con motivo de actuaciones que tengan como \u00fanico fundamento la informaci\u00f3n obtenida en el Portal.<\/p>\n<p>Los Usuarios deben mantener la adecuada disponibilidad y seguridad de los elementos empleados para navegar por internet. CENPAS no ser\u00e1 responsable de los da\u00f1os y perjuicios que se produzcan por fallos o malas configuraciones del software instalado en el ordenador del internauta. El acceso al Portal requiere de servicios y suministros de terceros, incluidos el transporte a trav\u00e9s de redes de telecomunicaciones cuya fiabilidad, calidad, continuidad y funcionamiento no corresponde a CENPAS.<\/p>\n<p>CENPAS no asume responsabilidad sobre el uso continuado y disponibilidad de esta plataforma web. No se garantiza la inexistencia de interrupciones o errores en el acceso al sitio web. As\u00ed mismo, CENPAS se reserva el derecho a actualizar, modificar o eliminar la informaci\u00f3n contenida en su p\u00e1gina web, as\u00ed como la configuraci\u00f3n o presentaci\u00f3n del mismo, en cualquier momento sin asumir alguna responsabilidad por ello.<\/p>\n<p>Cuando existiera informaci\u00f3n Le comunicamos que cualquier precio que pueda ver en nuestra web ser\u00e1 solamente orientativo y no vinculante. Si el usuario desea saber con exactitud deber\u00e1 contactar por alguno de los medios convenidos con el departamento correspondiente de la empresa.<\/p>\n<p>CENPAS no se hace responsable de la mala utilizaci\u00f3n del portal por parte de los usuarios, de la continuidad del servicio web, de los contenidos ofrecidos por otras webs o aplicaciones a las que se pueda acceder desde nuestro portal.<\/p>\n<h2>PROPIEDAD INTELECTUAL E INDUSTRIAL<\/h2>\n<p>CENPAS es titular o dispone de la correspondiente licencia o cesi\u00f3n de uso sobre los diferentes contenidos presentes en esta p\u00e1gina web, entre los que se incluyen \u2013a modo meramente enunciativo- las marcas, textos, fotograf\u00edas, gr\u00e1ficos, links, audiovisuales, dibujos, dise\u00f1os, software, c\u00f3digo fuente e informaciones incorporadas al efecto, expuestos a lo largo del Portal Web. Quedan excepcionados los derechos sobre productos y servicios de car\u00e1cter p\u00fablico que no son propiedad de esta empresa. Todos los productos y servicios de estas p\u00e1ginas que NO son propiedad de Cenpas son marcas registradas de sus respectivos propietarios y son reconocidas como tales por nuestra empresa. Solamente aparecen en la web a efectos de promoci\u00f3n y de recopilaci\u00f3n de informaci\u00f3n. Estos propietarios pueden solicitar la modificaci\u00f3n o eliminaci\u00f3n de la informaci\u00f3n que les pertenece.<\/p>\n<p>El mero hecho de aparecer en la presente web no significa cesi\u00f3n de uso al usuario. No se cede la titularidad de los elementos ni derecho de explotaci\u00f3n alguno, a excepci\u00f3n de los propios para visualizar los elementos. Ning\u00fan material publicado en esta web podr\u00e1 ser reproducido, copiado o publicado sin el consentimiento por escrito de CENPAS.<\/p>\n<p>Con car\u00e1cter meramente enunciativo, que no limitativo, se proh\u00edbe a los usuarios del Portal:<\/p>\n<ul>\n<li>Explotar comercialmente los contenidos del Portal, incluyendo en esta prohibici\u00f3n los productos derivados tras su modificaci\u00f3n, copia o reutilizaci\u00f3n.<\/li>\n<li>Reproducir, copiar, extraer, transformar o reutilizar para uso privado o explotaci\u00f3n comercial, aquellos contenidos considerados como dise\u00f1o gr\u00e1fico, c\u00f3digo fuente, software o base de datos.<\/li>\n<\/ul>\n<p>Las marcas, nombres comerciales o signos distintivos son titularidad de CENPAS o de terceros que las ceden para su uso, sin que pueda entenderse que el acceso al Portal atribuya ning\u00fan derecho sobre las mismas, quedando prohibido su uso, salvo autorizaci\u00f3n expresa de CENPAS SLP. o del tercero titular. Solo se autoriza el uso de nuestras marcas o nombres comerciales, para referenciarnos en el sector como proveedor o suministrador de servicios. No obstante, por favor ponte en contacto con nosotros para poder ayudarte cuando necesites referenciarnos como proveedor de servicios.<\/p>\n<p>Queda permitido compartir el enlace de nuestra p\u00e1gina web o secciones incluidas en el mismo, para referenciar productos o servicios suministrados por nosotros, salvo que se haga con fines competitivos o para perturbar nuestro buen nombre. El titular de la p\u00e1gina web que enlace los contenidos indebidamente y en contra de este aviso legal ser\u00e1 responsable de los da\u00f1os y perjuicios que pudieran causarse a CENPAS o a terceros.<\/p>\n<p>Toda la informaci\u00f3n que se reciba, como comentarios, sugerencias o ideas, se considerar\u00e1 cedida a CENPAS de manera gratuita. No debe enviarse informaci\u00f3n que NO pueda ser tratada de este modo.<\/p>\n<h2>DURACION, VIGENCIA Y NULIDAD<\/h2>\n<p>El aviso legal tiene una vigencia desde su propia publicaci\u00f3n hasta la su modificaci\u00f3n. El presente Aviso Legal y la Pol\u00edtica de Privacidad podr\u00e1 ser modificado por CENPAS en cualquier momento en su totalidad o de forma parcial, debiendo los Usuarios revisar el contenido peri\u00f3dicamente para verificar la informaci\u00f3n. Las modificaciones surten efectos desde el momento en que se publican en el Portal. Se establecer\u00e1 fecha de publicaci\u00f3n para que los Usuarios conozcan la versi\u00f3n vigente.<\/p>\n<p>En caso de que cualquier extremo de las presentes condiciones sea considerado nulo o anulable, o su aplicaci\u00f3n resulte imposible parcial o totalmente, por la aplicaci\u00f3n de una modificaci\u00f3n normativa o por sentencia judicial o laudo arbitral, se mantendr\u00e1 la vigencia del resto del aviso.<\/p>\n<h2>LEY APLICABLE Y JURISDICCI\u00d3N<\/h2>\n<p>CENPAS se reserva su derecho a emprender las acciones arbitrales o judiciales que considere oportunas en el caso de que los Usuarios utilicen la p\u00e1gina web de forma indebida o ilegal. El Usuario responder\u00e1 frente a CENPAS o frente a terceros, de cualesquiera da\u00f1os y perjuicios que pudieran causarse como consecuencia del incumplimiento de estas obligaciones.<\/p>\n<p>El no ejercicio o ejecuci\u00f3n de las acciones o derechos contra terceros por el incumplimiento de las disposiciones o prohibiciones contenidas en el presente aviso legal por parte de CENPAS no constituir\u00e1 renuncia a los mismos, salvo reconocimiento y acuerdo escrito por su parte.<\/p>\n<p>Las presentes condiciones generales se rigen por la legislaci\u00f3n vigente tanto espa\u00f1ola como de la Uni\u00f3n Europea. Para cualquier litigio que pudiera surgir relacionado con el sitio web o la actividad que en \u00e9l se desarrolla ser\u00e1n competentes Juzgados de Madrid, renunciando expresamente el usuario a cualquier otro fuero que pudiera corresponderle.<\/p>\n<p>Toda la informaci\u00f3n legal incluida en nuestra p\u00e1gina web, puede encontrarse en diferentes idiomas para facilitar el acceso a la informaci\u00f3n a cualquier usuario. Cuando existieran discrepancias en la traducci\u00f3n de t\u00e9rminos a los diferentes idiomas publicados, se considerar\u00e1 que prima el sentido del t\u00e9rmino en el idioma espa\u00f1ol, y por tanto cualquier interpretaci\u00f3n de los t\u00e9rminos legales de la presente web, ser\u00e1n conforme a la informaci\u00f3n presentada en ese idioma.<\/p>\n<p>FECHA DE PUBLICACI\u00d3N 31\/10\/2019<\/p>\n<p>[\/et_pb_text][\/et_pb_column][\/et_pb_row][\/et_pb_section]<\/p>\n","protected":false},"excerpt":{"rendered":"<p>[et_pb_section fb_built=\u00bb1&#8243; fullwidth=\u00bbon\u00bb _builder_version=\u00bb4.4.0&#8243;][et_pb_fullwidth_header title=\u00bbAviso legal\u00bb _builder_version=\u00bb4.8.1&#8243; background_color=\u00bb#abb4b5&#8243; background_enable_image=\u00bboff\u00bb custom_padding=\u00bb300px||||false|false\u00bb custom_padding_tablet=\u00bb150px||||false|false\u00bb custom_padding_phone=\u00bb150px||||false|false\u00bb custom_padding_last_edited=\u00bbon|phone\u00bb hover_enabled=\u00bb0&#8243; sticky_enabled=\u00bb0&#8243;][\/et_pb_fullwidth_header][\/et_pb_section][et_pb_section fb_built=\u00bb1&#8243; _builder_version=\u00bb3.22&#8243;][et_pb_row _builder_version=\u00bb3.25&#8243; background_size=\u00bbinitial\u00bb background_position=\u00bbtop_left\u00bb background_repeat=\u00bbrepeat\u00bb][et_pb_column type=\u00bb4_4&#8243; _builder_version=\u00bb3.25&#8243; custom_padding=\u00bb|||\u00bb custom_padding__hover=\u00bb|||\u00bb][et_pb_text _builder_version=\u00bb4.8.1&#8243; background_size=\u00bbinitial\u00bb background_position=\u00bbtop_left\u00bb background_repeat=\u00bbrepeat\u00bb] Las presentes condiciones regulan el uso y contenido del servicio del Portal de Internet (en adelante, Portal o P\u00e1gina web o Web) que CENPAS, pone a [&hellip;]<\/p>\n","protected":false},"author":1,"featured_media":0,"parent":0,"menu_order":0,"comment_status":"closed","ping_status":"closed","template":"","meta":{"_et_pb_use_builder":"on","_et_pb_old_content":"","_et_gb_content_width":""},"yoast_head":"<!-- This site is optimized with the Yoast SEO plugin v17.5 - https:\/\/yoast.com\/wordpress\/plugins\/seo\/ -->\n<title>Aviso legal - Cenpas<\/title>\n<meta name=\"robots\" content=\"index, follow, max-snippet:-1, max-image-preview:large, max-video-preview:-1\" \/>\n<link rel=\"canonical\" href=\"https:\/\/cenpas.cat\/es\/aviso-legal\/\" \/>\n<meta property=\"og:locale\" content=\"es_ES\" \/>\n<meta property=\"og:type\" content=\"article\" \/>\n<meta property=\"og:title\" content=\"Aviso legal - Cenpas\" \/>\n<meta property=\"og:description\" content=\"[et_pb_section fb_built=\u00bb1&#8243; fullwidth=\u00bbon\u00bb _builder_version=\u00bb4.4.0&#8243;][et_pb_fullwidth_header title=\u00bbAviso legal\u00bb _builder_version=\u00bb4.8.1&#8243; background_color=\u00bb#abb4b5&#8243; background_enable_image=\u00bboff\u00bb custom_padding=\u00bb300px||||false|false\u00bb custom_padding_tablet=\u00bb150px||||false|false\u00bb custom_padding_phone=\u00bb150px||||false|false\u00bb custom_padding_last_edited=\u00bbon|phone\u00bb hover_enabled=\u00bb0&#8243; sticky_enabled=\u00bb0&#8243;][\/et_pb_fullwidth_header][\/et_pb_section][et_pb_section fb_built=\u00bb1&#8243; _builder_version=\u00bb3.22&#8243;][et_pb_row _builder_version=\u00bb3.25&#8243; background_size=\u00bbinitial\u00bb background_position=\u00bbtop_left\u00bb background_repeat=\u00bbrepeat\u00bb][et_pb_column type=\u00bb4_4&#8243; _builder_version=\u00bb3.25&#8243; custom_padding=\u00bb|||\u00bb custom_padding__hover=\u00bb|||\u00bb][et_pb_text _builder_version=\u00bb4.8.1&#8243; background_size=\u00bbinitial\u00bb background_position=\u00bbtop_left\u00bb background_repeat=\u00bbrepeat\u00bb] Las presentes condiciones regulan el uso y contenido del servicio del Portal de Internet (en adelante, Portal o P\u00e1gina web o Web) que CENPAS, pone a [&hellip;]\" \/>\n<meta property=\"og:url\" content=\"https:\/\/cenpas.cat\/es\/aviso-legal\/\" \/>\n<meta property=\"og:site_name\" content=\"Cenpas\" \/>\n<meta property=\"article:modified_time\" content=\"2021-03-16T11:22:03+00:00\" \/>\n<meta name=\"twitter:card\" content=\"summary_large_image\" \/>\n<meta name=\"twitter:label1\" content=\"Tiempo de lectura\" \/>\n\t<meta name=\"twitter:data1\" content=\"11 minutos\" \/>\n<script type=\"application\/ld+json\" class=\"yoast-schema-graph\">{\"@context\":\"https:\/\/schema.org\",\"@graph\":[{\"@type\":\"Organization\",\"@id\":\"https:\/\/cenpas.cat\/#organization\",\"name\":\"Cenpas\",\"url\":\"https:\/\/cenpas.cat\/\",\"sameAs\":[\"https:\/\/www.instagram.com\/cenpasslp\/\",\"https:\/\/www.linkedin.com\/company\/cenpa-enginyeria-i-arquitectura\"],\"logo\":{\"@type\":\"ImageObject\",\"@id\":\"https:\/\/cenpas.cat\/#logo\",\"inLanguage\":\"es\",\"url\":\"https:\/\/cenpas.cat\/wp-content\/uploads\/2021\/03\/cenpas_logo_n.png\",\"contentUrl\":\"https:\/\/cenpas.cat\/wp-content\/uploads\/2021\/03\/cenpas_logo_n.png\",\"width\":818,\"height\":267,\"caption\":\"Cenpas\"},\"image\":{\"@id\":\"https:\/\/cenpas.cat\/#logo\"}},{\"@type\":\"WebSite\",\"@id\":\"https:\/\/cenpas.cat\/#website\",\"url\":\"https:\/\/cenpas.cat\/\",\"name\":\"Cenpas\",\"description\":\"Enginyeria\\u2029per a la \\u2029ind\\u00fastria \\u2029aliment\\u00e0ria\",\"publisher\":{\"@id\":\"https:\/\/cenpas.cat\/#organization\"},\"potentialAction\":[{\"@type\":\"SearchAction\",\"target\":{\"@type\":\"EntryPoint\",\"urlTemplate\":\"https:\/\/cenpas.cat\/?s={search_term_string}\"},\"query-input\":\"required name=search_term_string\"}],\"inLanguage\":\"es\"},{\"@type\":\"WebPage\",\"@id\":\"https:\/\/cenpas.cat\/es\/aviso-legal\/#webpage\",\"url\":\"https:\/\/cenpas.cat\/es\/aviso-legal\/\",\"name\":\"Aviso legal - Cenpas\",\"isPartOf\":{\"@id\":\"https:\/\/cenpas.cat\/#website\"},\"datePublished\":\"2021-01-25T13:50:40+00:00\",\"dateModified\":\"2021-03-16T11:22:03+00:00\",\"breadcrumb\":{\"@id\":\"https:\/\/cenpas.cat\/es\/aviso-legal\/#breadcrumb\"},\"inLanguage\":\"es\",\"potentialAction\":[{\"@type\":\"ReadAction\",\"target\":[\"https:\/\/cenpas.cat\/es\/aviso-legal\/\"]}]},{\"@type\":\"BreadcrumbList\",\"@id\":\"https:\/\/cenpas.cat\/es\/aviso-legal\/#breadcrumb\",\"itemListElement\":[{\"@type\":\"ListItem\",\"position\":1,\"name\":\"Inici\",\"item\":\"https:\/\/cenpas.cat\/es\/\"},{\"@type\":\"ListItem\",\"position\":2,\"name\":\"Aviso legal\"}]}]}<\/script>\n<!-- \/ Yoast SEO plugin. -->","yoast_head_json":{"title":"Aviso legal - Cenpas","robots":{"index":"index","follow":"follow","max-snippet":"max-snippet:-1","max-image-preview":"max-image-preview:large","max-video-preview":"max-video-preview:-1"},"canonical":"https:\/\/cenpas.cat\/es\/aviso-legal\/","og_locale":"es_ES","og_type":"article","og_title":"Aviso legal - Cenpas","og_description":"[et_pb_section fb_built=\u00bb1&#8243; fullwidth=\u00bbon\u00bb _builder_version=\u00bb4.4.0&#8243;][et_pb_fullwidth_header title=\u00bbAviso legal\u00bb _builder_version=\u00bb4.8.1&#8243; background_color=\u00bb#abb4b5&#8243; background_enable_image=\u00bboff\u00bb custom_padding=\u00bb300px||||false|false\u00bb custom_padding_tablet=\u00bb150px||||false|false\u00bb custom_padding_phone=\u00bb150px||||false|false\u00bb custom_padding_last_edited=\u00bbon|phone\u00bb hover_enabled=\u00bb0&#8243; sticky_enabled=\u00bb0&#8243;][\/et_pb_fullwidth_header][\/et_pb_section][et_pb_section fb_built=\u00bb1&#8243; _builder_version=\u00bb3.22&#8243;][et_pb_row _builder_version=\u00bb3.25&#8243; background_size=\u00bbinitial\u00bb background_position=\u00bbtop_left\u00bb background_repeat=\u00bbrepeat\u00bb][et_pb_column type=\u00bb4_4&#8243; _builder_version=\u00bb3.25&#8243; custom_padding=\u00bb|||\u00bb custom_padding__hover=\u00bb|||\u00bb][et_pb_text _builder_version=\u00bb4.8.1&#8243; background_size=\u00bbinitial\u00bb background_position=\u00bbtop_left\u00bb background_repeat=\u00bbrepeat\u00bb] Las presentes condiciones regulan el uso y contenido del servicio del Portal de Internet (en adelante, Portal o P\u00e1gina web o Web) que CENPAS, pone a [&hellip;]","og_url":"https:\/\/cenpas.cat\/es\/aviso-legal\/","og_site_name":"Cenpas","article_modified_time":"2021-03-16T11:22:03+00:00","twitter_card":"summary_large_image","twitter_misc":{"Tiempo de lectura":"11 minutos"},"schema":{"@context":"https:\/\/schema.org","@graph":[{"@type":"Organization","@id":"https:\/\/cenpas.cat\/#organization","name":"Cenpas","url":"https:\/\/cenpas.cat\/","sameAs":["https:\/\/www.instagram.com\/cenpasslp\/","https:\/\/www.linkedin.com\/company\/cenpa-enginyeria-i-arquitectura"],"logo":{"@type":"ImageObject","@id":"https:\/\/cenpas.cat\/#logo","inLanguage":"es","url":"https:\/\/cenpas.cat\/wp-content\/uploads\/2021\/03\/cenpas_logo_n.png","contentUrl":"https:\/\/cenpas.cat\/wp-content\/uploads\/2021\/03\/cenpas_logo_n.png","width":818,"height":267,"caption":"Cenpas"},"image":{"@id":"https:\/\/cenpas.cat\/#logo"}},{"@type":"WebSite","@id":"https:\/\/cenpas.cat\/#website","url":"https:\/\/cenpas.cat\/","name":"Cenpas","description":"Enginyeria\u2029per a la \u2029ind\u00fastria \u2029aliment\u00e0ria","publisher":{"@id":"https:\/\/cenpas.cat\/#organization"},"potentialAction":[{"@type":"SearchAction","target":{"@type":"EntryPoint","urlTemplate":"https:\/\/cenpas.cat\/?s={search_term_string}"},"query-input":"required name=search_term_string"}],"inLanguage":"es"},{"@type":"WebPage","@id":"https:\/\/cenpas.cat\/es\/aviso-legal\/#webpage","url":"https:\/\/cenpas.cat\/es\/aviso-legal\/","name":"Aviso legal - Cenpas","isPartOf":{"@id":"https:\/\/cenpas.cat\/#website"},"datePublished":"2021-01-25T13:50:40+00:00","dateModified":"2021-03-16T11:22:03+00:00","breadcrumb":{"@id":"https:\/\/cenpas.cat\/es\/aviso-legal\/#breadcrumb"},"inLanguage":"es","potentialAction":[{"@type":"ReadAction","target":["https:\/\/cenpas.cat\/es\/aviso-legal\/"]}]},{"@type":"BreadcrumbList","@id":"https:\/\/cenpas.cat\/es\/aviso-legal\/#breadcrumb","itemListElement":[{"@type":"ListItem","position":1,"name":"Inici","item":"https:\/\/cenpas.cat\/es\/"},{"@type":"ListItem","position":2,"name":"Aviso legal"}]}]}},"_links":{"self":[{"href":"https:\/\/cenpas.cat\/es\/wp-json\/wp\/v2\/pages\/798"}],"collection":[{"href":"https:\/\/cenpas.cat\/es\/wp-json\/wp\/v2\/pages"}],"about":[{"href":"https:\/\/cenpas.cat\/es\/wp-json\/wp\/v2\/types\/page"}],"author":[{"embeddable":true,"href":"https:\/\/cenpas.cat\/es\/wp-json\/wp\/v2\/users\/1"}],"replies":[{"embeddable":true,"href":"https:\/\/cenpas.cat\/es\/wp-json\/wp\/v2\/comments?post=798"}],"version-history":[{"count":6,"href":"https:\/\/cenpas.cat\/es\/wp-json\/wp\/v2\/pages\/798\/revisions"}],"predecessor-version":[{"id":1290,"href":"https:\/\/cenpas.cat\/es\/wp-json\/wp\/v2\/pages\/798\/revisions\/1290"}],"wp:attachment":[{"href":"https:\/\/cenpas.cat\/es\/wp-json\/wp\/v2\/media?parent=798"}],"curies":[{"name":"wp","href":"https:\/\/api.w.org\/{rel}","templated":true}]}}